{"id":1006,"date":"2023-09-26T13:04:42","date_gmt":"2023-09-26T11:04:42","guid":{"rendered":"https:\/\/plebiscyt.lubuska.zhp.pl\/?page_id=1006"},"modified":"2025-10-20T21:19:42","modified_gmt":"2025-10-20T19:19:42","slug":"elementor-1006","status":"publish","type":"page","link":"https:\/\/plebiscyt.lubuska.zhp.pl\/?page_id=1006","title":{"rendered":"ODPOWIEDZIALNI SPO\u0141ECZNIE 2025 &#8211; nominowani"},"content":{"rendered":"\t\t<div data-elementor-type=\"wp-page\" data-elementor-id=\"1006\" class=\"elementor elementor-1006\">\n\t\t\t\t\t\t\t\t\t<section class=\"elementor-section elementor-top-section elementor-element elementor-element-e0faa72 elementor-section-boxed elementor-section-height-default elementor-section-height-default\" data-id=\"e0faa72\" data-element_type=\"section\">\n\t\t\t\t\t\t<div class=\"elementor-container elementor-column-gap-default\">\n\t\t\t\t\t<div class=\"aux-parallax-section elementor-column elementor-col-100 elementor-top-column elementor-element elementor-element-c0ae20c\" data-id=\"c0ae20c\" data-element_type=\"column\">\n\t\t\t<div class=\"elementor-widget-wrap\">\n\t\t\t\t\t\t\t\t\t<\/div>\n\t\t<\/div>\n\t\t\t\t\t\t\t<\/div>\n\t\t<\/section>\n\t\t\t\t<section class=\"elementor-section elementor-top-section elementor-element elementor-element-0081dd9 elementor-section-boxed elementor-section-height-default elementor-section-height-default\" data-id=\"0081dd9\" data-element_type=\"section\">\n\t\t\t\t\t\t<div class=\"elementor-container elementor-column-gap-default\">\n\t\t\t\t\t<div class=\"aux-parallax-section elementor-column elementor-col-100 elementor-top-column elementor-element elementor-element-139c816\" data-id=\"139c816\" data-element_type=\"column\">\n\t\t\t<div class=\"elementor-widget-wrap elementor-element-populated\">\n\t\t\t\t\t\t\t\t<div class=\"elementor-element elementor-element-0dba18b elementor-widget elementor-widget-heading\" data-id=\"0dba18b\" data-element_type=\"widget\" data-widget_type=\"heading.default\">\n\t\t\t\t<div class=\"elementor-widget-container\">\n\t\t\t<h2 class=\"elementor-heading-title elementor-size-default\">Dodaj tu sw\u00f3j tekst nag\u0142\u00f3wka<\/h2>\t\t<\/div>\n\t\t\t\t<\/div>\n\t\t\t\t\t<\/div>\n\t\t<\/div>\n\t\t\t\t\t\t\t<\/div>\n\t\t<\/section>\n\t\t\t\t<section class=\"elementor-section elementor-top-section elementor-element elementor-element-6e35e64 elementor-section-boxed elementor-section-height-default elementor-section-height-default\" data-id=\"6e35e64\" data-element_type=\"section\">\n\t\t\t\t\t\t<div class=\"elementor-container elementor-column-gap-default\">\n\t\t\t\t\t<div class=\"aux-parallax-section elementor-column elementor-col-100 elementor-top-column elementor-element elementor-element-6138920\" data-id=\"6138920\" data-element_type=\"column\">\n\t\t\t<div class=\"elementor-widget-wrap elementor-element-populated\">\n\t\t\t\t\t\t\t\t<div class=\"elementor-element elementor-element-8cf2744 elementor-widget elementor-widget-spacer\" data-id=\"8cf2744\" data-element_type=\"widget\" data-widget_type=\"spacer.default\">\n\t\t\t\t<div class=\"elementor-widget-container\">\n\t\t\t\t\t<div class=\"elementor-spacer\">\n\t\t\t<div class=\"elementor-spacer-inner\"><\/div>\n\t\t<\/div>\n\t\t\t\t<\/div>\n\t\t\t\t<\/div>\n\t\t\t\t<div class=\"elementor-element elementor-element-354f05a elementor-widget elementor-widget-heading\" data-id=\"354f05a\" data-element_type=\"widget\" data-widget_type=\"heading.default\">\n\t\t\t\t<div class=\"elementor-widget-container\">\n\t\t\t<h1 class=\"elementor-heading-title elementor-size-default\">ODPOWIEDZIALNI SPO\u0141ECZNIE<\/h1>\t\t<\/div>\n\t\t\t\t<\/div>\n\t\t\t\t<div class=\"elementor-element elementor-element-5c5cd30 elementor-widget elementor-widget-spacer\" data-id=\"5c5cd30\" data-element_type=\"widget\" data-widget_type=\"spacer.default\">\n\t\t\t\t<div class=\"elementor-widget-container\">\n\t\t\t\t\t<div class=\"elementor-spacer\">\n\t\t\t<div class=\"elementor-spacer-inner\"><\/div>\n\t\t<\/div>\n\t\t\t\t<\/div>\n\t\t\t\t<\/div>\n\t\t\t\t\t<\/div>\n\t\t<\/div>\n\t\t\t\t\t\t\t<\/div>\n\t\t<\/section>\n\t\t\t\t<section class=\"elementor-section elementor-top-section elementor-element elementor-element-abe217b elementor-section-boxed elementor-section-height-default elementor-section-height-default\" data-id=\"abe217b\" data-element_type=\"section\">\n\t\t\t\t\t\t<div class=\"elementor-container elementor-column-gap-default\">\n\t\t\t\t\t<div class=\"aux-parallax-section elementor-column elementor-col-100 elementor-top-column elementor-element elementor-element-eae9993\" data-id=\"eae9993\" data-element_type=\"column\">\n\t\t\t<div class=\"elementor-widget-wrap elementor-element-populated\">\n\t\t\t\t\t\t\t\t<div class=\"elementor-element elementor-element-ebf65be elementor-position-left elementor-vertical-align-top elementor-widget elementor-widget-image-box\" data-id=\"ebf65be\" data-element_type=\"widget\" data-widget_type=\"image-box.default\">\n\t\t\t\t<div class=\"elementor-widget-container\">\n\t\t\t<div class=\"elementor-image-box-wrapper\"><figure class=\"elementor-image-box-img\"><img decoding=\"async\" loading=\"lazy\" width=\"1880\" height=\"1576\" src=\"https:\/\/plebiscyt.lubuska.zhp.pl\/wp-content\/uploads\/2025\/10\/OS-Monika-Michalak.png\" class=\"elementor-animation-shrink attachment-full size-full wp-image-1420\" alt=\"\" srcset=\"https:\/\/plebiscyt.lubuska.zhp.pl\/wp-content\/uploads\/2025\/10\/OS-Monika-Michalak.png 1880w, https:\/\/plebiscyt.lubuska.zhp.pl\/wp-content\/uploads\/2025\/10\/OS-Monika-Michalak-1536x1288.png 1536w\" \/><\/figure><div class=\"elementor-image-box-content\"><h3 class=\"elementor-image-box-title\">hm. Monika Michalak \u2013 komendantka Hufca Babimojsko-Sulechowskiego<\/h3><p class=\"elementor-image-box-description\">Druhna Monika \u0142\u0105czy energi\u0119 i pasj\u0119 z konsekwencj\u0105 w dzia\u0142aniu, inspiruj\u0105c harcerzy i lokaln\u0105 spo\u0142eczno\u015b\u0107 do s\u0142u\u017cby. Koordynowa\u0142a magazyn pomocy dla powodzian oraz dzia\u0142ania na rzecz uchod\u017ac\u00f3w z Ukrainy, organizuj\u0105c zbi\u00f3rki, transporty i dystrybucj\u0119 dar\u00f3w. Anga\u017cuje w dzia\u0142ania harcerzy, rodzic\u00f3w, szko\u0142y i lokalne instytucje, buduj\u0105c sprawny system pomocy. Jej przyk\u0142ad pokazuje, \u017ce lider nie stoi z boku, lecz dzia\u0142a razem z zespo\u0142em. Dzi\u0119ki jej inicjatywom m\u0142odzie\u017c i mieszka\u0144cy zyskali poczucie wsp\u00f3lnoty, bezpiecze\u0144stwa i realny wp\u0142yw na \u017cycie innych. Druhna Monika udowadnia, \u017ce harcerstwo mo\u017ce by\u0107 skuteczn\u0105 si\u0142\u0105 w sytuacjach kryzysowych, \u0142\u0105cz\u0105c s\u0142u\u017cb\u0119 z odpowiedzialno\u015bci\u0105 spo\u0142eczn\u0105.<\/p><\/div><\/div>\t\t<\/div>\n\t\t\t\t<\/div>\n\t\t\t\t<div class=\"elementor-element elementor-element-415224f elementor-position-left elementor-vertical-align-top elementor-widget elementor-widget-image-box\" data-id=\"415224f\" data-element_type=\"widget\" data-widget_type=\"image-box.default\">\n\t\t\t\t<div class=\"elementor-widget-container\">\n\t\t\t<div class=\"elementor-image-box-wrapper\"><figure class=\"elementor-image-box-img\"><img decoding=\"async\" loading=\"lazy\" width=\"1880\" height=\"1576\" src=\"https:\/\/plebiscyt.lubuska.zhp.pl\/wp-content\/uploads\/2025\/10\/OS-Dariusz-Zajaczkowski.png\" class=\"elementor-animation-shrink attachment-full size-full wp-image-1419\" alt=\"\" srcset=\"https:\/\/plebiscyt.lubuska.zhp.pl\/wp-content\/uploads\/2025\/10\/OS-Dariusz-Zajaczkowski.png 1880w, https:\/\/plebiscyt.lubuska.zhp.pl\/wp-content\/uploads\/2025\/10\/OS-Dariusz-Zajaczkowski-1536x1288.png 1536w\" \/><\/figure><div class=\"elementor-image-box-content\"><h3 class=\"elementor-image-box-title\">hm. Dariusz Zaj\u0105czkowski - przewodnicz\u0105cy RPM \u201eR\u0119ka Metody\u201d, RCh i Kapitu\u0142y Odznak i Odznacze\u0144, cz\u0142onek ChZKK \u201eLas\u201d Chor\u0105gwi Ziemi Lubuskiej ZHP<\/h3><p class=\"elementor-image-box-description\">Druh Dariusz \u0142\u0105czy dzia\u0142alno\u015b\u0107 instruktorsk\u0105 z szerok\u0105 s\u0142u\u017cb\u0105 spo\u0142eczn\u0105, wspieraj\u0105c walcz\u0105c\u0105 Ukrain\u0119 konwojami humanitarnymi i pomagaj\u0105c fundacjom oraz schroniskom dla zwierz\u0105t. W czasie powodzi dowodzi\u0142 pierwsz\u0105, ponad 150-osobow\u0105 zmian\u0105 sztabu \u201eZast\u0119pu Granica\u201d, sprawnie organizuj\u0105c pomoc w Paczkowie. Dba r\u00f3wnie\u017c o chor\u0105gwian\u0105 baz\u0119 w U\u015bciu, remontuj\u0105c j\u0105 i prowadz\u0105c biwaki, przyci\u0105gaj\u0105c wolontariuszy. Jego postawa pokazuje, \u017ce s\u0142u\u017cba harcerska mo\u017ce \u0142\u0105czy\u0107 codzienne zaanga\u017cowanie z dzia\u0142aniami o realnym, spo\u0142ecznym wymiarze. Druh Mors jest tak\u017ce aktywnym honorowym krwiodawc\u0105, promuj\u0105c ten przyk\u0142ad w\u015br\u00f3d m\u0142odzie\u017cy i doros\u0142ych.<\/p><\/div><\/div>\t\t<\/div>\n\t\t\t\t<\/div>\n\t\t\t\t<div class=\"elementor-element elementor-element-bfddeef elementor-position-left elementor-vertical-align-top elementor-widget elementor-widget-image-box\" data-id=\"bfddeef\" data-element_type=\"widget\" data-widget_type=\"image-box.default\">\n\t\t\t\t<div class=\"elementor-widget-container\">\n\t\t\t<div class=\"elementor-image-box-wrapper\"><figure class=\"elementor-image-box-img\"><img decoding=\"async\" loading=\"lazy\" width=\"1880\" height=\"1576\" src=\"https:\/\/plebiscyt.lubuska.zhp.pl\/wp-content\/uploads\/2025\/10\/OS-Waldemar-Grzankowski.png\" class=\"elementor-animation-shrink attachment-full size-full wp-image-1421\" alt=\"\" srcset=\"https:\/\/plebiscyt.lubuska.zhp.pl\/wp-content\/uploads\/2025\/10\/OS-Waldemar-Grzankowski.png 1880w, https:\/\/plebiscyt.lubuska.zhp.pl\/wp-content\/uploads\/2025\/10\/OS-Waldemar-Grzankowski-1536x1288.png 1536w\" \/><\/figure><div class=\"elementor-image-box-content\"><h3 class=\"elementor-image-box-title\">pwd. Waldemar Grzankowski \u2013 przyboczny 1 Dobiegniewskiej Dru\u017cyny Harcerskiej, Hufiec Gorz\u00f3w Wlkp. ZHP<\/h3><p class=\"elementor-image-box-description\">Druh Waldek dzieli si\u0119 swoj\u0105 pasj\u0105 do lokalnej historii i patriotyzmu, organizuj\u0105c coroczny Rajd Szlakiem Ewakuacji Oflagu IIC Woldenberg. Wsp\u00f3\u0142pracuje z muzeami, IPN, mediami i lokalnymi w\u0142adzami, dzi\u0119ki czemu m\u0142odzie\u017c poznaje histori\u0119 polskich je\u0144c\u00f3w i anga\u017cuje si\u0119 w upami\u0119tnianie wydarze\u0144. Harcerze uczestnicz\u0105 w rajdach, opiece nad grobami i lokalnych uroczysto\u015bciach, ucz\u0105c si\u0119 odpowiedzialno\u015bci i szacunku do tradycji. Druh Waldemar inspiruje m\u0142odzie\u017c do poznawania historii poprzez aktywne uczestnictwo i osobisty przyk\u0142ad. Jego inicjatywy zwi\u0119kszaj\u0105 \u015bwiadomo\u015b\u0107 historyczn\u0105 w lokalnej spo\u0142eczno\u015bci i integruj\u0105 m\u0142odych ludzi w dzia\u0142ania o znaczeniu spo\u0142ecznym i patriotycznym.<\/p><\/div><\/div>\t\t<\/div>\n\t\t\t\t<\/div>\n\t\t\t\t\t<\/div>\n\t\t<\/div>\n\t\t\t\t\t\t\t<\/div>\n\t\t<\/section>\n\t\t\t\t<section class=\"elementor-section elementor-top-section elementor-element elementor-element-ae26ad2 elementor-section-boxed elementor-section-height-default elementor-section-height-default\" data-id=\"ae26ad2\" data-element_type=\"section\">\n\t\t\t\t\t\t<div class=\"elementor-container elementor-column-gap-default\">\n\t\t\t\t\t<div class=\"aux-parallax-section elementor-column elementor-col-100 elementor-top-column elementor-element elementor-element-c3bd029\" data-id=\"c3bd029\" data-element_type=\"column\">\n\t\t\t<div class=\"elementor-widget-wrap elementor-element-populated\">\n\t\t\t\t\t\t\t\t<div class=\"aux-scroll-anim elementor-element elementor-element-b487261 elementor-widget elementor-widget-aux_button\" data-move-in=\"slideTop\" data-move-out=\"maskRight\" data-axis-x=\"200\" data-axis-y=\"200\" data-rotate=\"90\" data-scale=\"1\" data-vp-top=\"0.5\" data-vp-bot=\"0.5\" data-el-top=\"0.2\" data-scroll-animation-off=\"1024\" data-id=\"b487261\" data-element_type=\"widget\" data-widget_type=\"aux_button.default\">\n\t\t\t\t<div class=\"elementor-widget-container\">\n\t\t\t<a  href=\"https:\/\/forms.office.com\/e\/bcP7ydvk7P\" target=\"_blank\"   class=\"aux-button aux-exlarge aux-emerald aux-curve aux-none aux-uppercase\" ><span class=\"aux-overlay\"><\/span><span class=\"aux-text\">G\u0141OSUJ<\/span><\/a>\t\t<\/div>\n\t\t\t\t<\/div>\n\t\t\t\t<div class=\"elementor-element elementor-element-bf57416 elementor-widget elementor-widget-spacer\" data-id=\"bf57416\" data-element_type=\"widget\" data-widget_type=\"spacer.default\">\n\t\t\t\t<div class=\"elementor-widget-container\">\n\t\t\t\t\t<div class=\"elementor-spacer\">\n\t\t\t<div class=\"elementor-spacer-inner\"><\/div>\n\t\t<\/div>\n\t\t\t\t<\/div>\n\t\t\t\t<\/div>\n\t\t\t\t\t<\/div>\n\t\t<\/div>\n\t\t\t\t\t\t\t<\/div>\n\t\t<\/section>\n\t\t\t\t<section class=\"elementor-section elementor-top-section elementor-element elementor-element-b9a3bd9 elementor-section-boxed elementor-section-height-default elementor-section-height-default\" data-id=\"b9a3bd9\" data-element_type=\"section\">\n\t\t\t\t\t\t<div class=\"elementor-container elementor-column-gap-default\">\n\t\t\t\t\t<div class=\"aux-parallax-section elementor-column elementor-col-100 elementor-top-column elementor-element elementor-element-3e45b8e\" data-id=\"3e45b8e\" data-element_type=\"column\">\n\t\t\t<div class=\"elementor-widget-wrap elementor-element-populated\">\n\t\t\t\t\t\t\t\t<div class=\"elementor-element elementor-element-ff3a56e elementor-widget elementor-widget-aux_button\" data-id=\"ff3a56e\" data-element_type=\"widget\" data-widget_type=\"aux_button.default\">\n\t\t\t\t<div class=\"elementor-widget-container\">\n\t\t\t<a  href=\"https:\/\/plebiscyt.lubuska.zhp.pl\" target=\"_self\"   class=\"aux-button aux-exlarge aux-carmine-pink aux-none aux-uppercase\" ><span class=\"aux-overlay\"><\/span><span class=\"aux-text\">STRONA G\u0141\u00d3WNA<\/span><\/a>\t\t<\/div>\n\t\t\t\t<\/div>\n\t\t\t\t\t<\/div>\n\t\t<\/div>\n\t\t\t\t\t\t\t<\/div>\n\t\t<\/section>\n\t\t\t\t\t\t\t<\/div>\n\t\t","protected":false},"excerpt":{"rendered":"<p>Dodaj tu sw\u00f3j tekst nag\u0142\u00f3wka ODPOWIEDZIALNI SPO\u0141ECZNIE hm. Monika Michalak \u2013 komendantka Hufca Babimojsko-Sulechowskiego Druhna Monika \u0142\u0105czy energi\u0119 i pasj\u0119 z konsekwencj\u0105 w dzia\u0142aniu, inspiruj\u0105c harcerzy i lokaln\u0105 spo\u0142eczno\u015b\u0107 do s\u0142u\u017cby. Koordynowa\u0142a magazyn pomocy dla powodzian oraz dzia\u0142ania na rzecz uchod\u017ac\u00f3w z Ukrainy, organizuj\u0105c zbi\u00f3rki, transporty i dystrybucj\u0119 dar\u00f3w. Anga\u017cuje w dzia\u0142ania harcerzy, rodzic\u00f3w, szko\u0142y [&hellip;]<\/p>\n","protected":false},"author":1,"featured_media":0,"parent":0,"menu_order":0,"comment_status":"closed","ping_status":"closed","template":"elementor_theme","meta":{"footnotes":""},"yoast_head":"<!-- This site is optimized with the Yoast SEO plugin v21.4 - https:\/\/yoast.com\/wordpress\/plugins\/seo\/ -->\n<title>ODPOWIEDZIALNI SPO\u0141ECZNIE 2025 - nominowani - Lubuskie Grono<\/title>\n<meta name=\"robots\" content=\"index, follow, max-snippet:-1, max-image-preview:large, max-video-preview:-1\" \/>\n<link rel=\"canonical\" href=\"https:\/\/plebiscyt.lubuska.zhp.pl\/?page_id=1006\" \/>\n<meta property=\"og:locale\" content=\"pl_PL\" \/>\n<meta property=\"og:type\" content=\"article\" \/>\n<meta property=\"og:title\" content=\"ODPOWIEDZIALNI SPO\u0141ECZNIE 2025 - nominowani - Lubuskie Grono\" \/>\n<meta property=\"og:description\" content=\"Dodaj tu sw\u00f3j tekst nag\u0142\u00f3wka ODPOWIEDZIALNI SPO\u0141ECZNIE hm. Monika Michalak \u2013 komendantka Hufca Babimojsko-Sulechowskiego Druhna Monika \u0142\u0105czy energi\u0119 i pasj\u0119 z konsekwencj\u0105 w dzia\u0142aniu, inspiruj\u0105c harcerzy i lokaln\u0105 spo\u0142eczno\u015b\u0107 do s\u0142u\u017cby. Koordynowa\u0142a magazyn pomocy dla powodzian oraz dzia\u0142ania na rzecz uchod\u017ac\u00f3w z Ukrainy, organizuj\u0105c zbi\u00f3rki, transporty i dystrybucj\u0119 dar\u00f3w. Anga\u017cuje w dzia\u0142ania harcerzy, rodzic\u00f3w, szko\u0142y [&hellip;]\" \/>\n<meta property=\"og:url\" content=\"https:\/\/plebiscyt.lubuska.zhp.pl\/?page_id=1006\" \/>\n<meta property=\"og:site_name\" content=\"Lubuskie Grono\" \/>\n<meta property=\"article:modified_time\" content=\"2025-10-20T19:19:42+00:00\" \/>\n<meta property=\"og:image\" content=\"https:\/\/plebiscyt.lubuska.zhp.pl\/wp-content\/uploads\/2025\/10\/OS-Monika-Michalak.png\" \/>\n<meta name=\"twitter:card\" content=\"summary_large_image\" \/>\n<meta name=\"twitter:label1\" content=\"Szacowany czas czytania\" \/>\n\t<meta name=\"twitter:data1\" content=\"3 minuty\" \/>\n<script type=\"application\/ld+json\" class=\"yoast-schema-graph\">{\"@context\":\"https:\/\/schema.org\",\"@graph\":[{\"@type\":\"WebPage\",\"@id\":\"https:\/\/plebiscyt.lubuska.zhp.pl\/?page_id=1006\",\"url\":\"https:\/\/plebiscyt.lubuska.zhp.pl\/?page_id=1006\",\"name\":\"ODPOWIEDZIALNI SPO\u0141ECZNIE 2025 - nominowani - Lubuskie Grono\",\"isPartOf\":{\"@id\":\"https:\/\/plebiscyt.lubuska.zhp.pl\/#website\"},\"datePublished\":\"2023-09-26T11:04:42+00:00\",\"dateModified\":\"2025-10-20T19:19:42+00:00\",\"breadcrumb\":{\"@id\":\"https:\/\/plebiscyt.lubuska.zhp.pl\/?page_id=1006#breadcrumb\"},\"inLanguage\":\"pl-PL\",\"potentialAction\":[{\"@type\":\"ReadAction\",\"target\":[\"https:\/\/plebiscyt.lubuska.zhp.pl\/?page_id=1006\"]}]},{\"@type\":\"BreadcrumbList\",\"@id\":\"https:\/\/plebiscyt.lubuska.zhp.pl\/?page_id=1006#breadcrumb\",\"itemListElement\":[{\"@type\":\"ListItem\",\"position\":1,\"name\":\"Strona g\u0142\u00f3wna\",\"item\":\"https:\/\/plebiscyt.lubuska.zhp.pl\/\"},{\"@type\":\"ListItem\",\"position\":2,\"name\":\"ODPOWIEDZIALNI SPO\u0141ECZNIE 2025 &#8211; nominowani\"}]},{\"@type\":\"WebSite\",\"@id\":\"https:\/\/plebiscyt.lubuska.zhp.pl\/#website\",\"url\":\"https:\/\/plebiscyt.lubuska.zhp.pl\/\",\"name\":\"Lubuskie Grono\",\"description\":\"Plebiscyt instruktorski Chor\u0105gwi Ziemi Lubuskiej ZHP\",\"publisher\":{\"@id\":\"https:\/\/plebiscyt.lubuska.zhp.pl\/#organization\"},\"potentialAction\":[{\"@type\":\"SearchAction\",\"target\":{\"@type\":\"EntryPoint\",\"urlTemplate\":\"https:\/\/plebiscyt.lubuska.zhp.pl\/?s={search_term_string}\"},\"query-input\":\"required name=search_term_string\"}],\"inLanguage\":\"pl-PL\"},{\"@type\":\"Organization\",\"@id\":\"https:\/\/plebiscyt.lubuska.zhp.pl\/#organization\",\"name\":\"LUBUSKIE GRONO - Plebiscyt instruktorski Chor\u0105gwi Ziemi Lubuskiej ZHP\",\"url\":\"https:\/\/plebiscyt.lubuska.zhp.pl\/\",\"logo\":{\"@type\":\"ImageObject\",\"inLanguage\":\"pl-PL\",\"@id\":\"https:\/\/plebiscyt.lubuska.zhp.pl\/#\/schema\/logo\/image\/\",\"url\":\"https:\/\/plebiscyt.lubuska.zhp.pl\/wp-content\/uploads\/2022\/06\/lubgrono_fb_wyd_tlo.png\",\"contentUrl\":\"https:\/\/plebiscyt.lubuska.zhp.pl\/wp-content\/uploads\/2022\/06\/lubgrono_fb_wyd_tlo.png\",\"width\":5001,\"height\":2617,\"caption\":\"LUBUSKIE GRONO - Plebiscyt instruktorski Chor\u0105gwi Ziemi Lubuskiej ZHP\"},\"image\":{\"@id\":\"https:\/\/plebiscyt.lubuska.zhp.pl\/#\/schema\/logo\/image\/\"}}]}<\/script>\n<!-- \/ Yoast SEO plugin. -->","yoast_head_json":{"title":"ODPOWIEDZIALNI SPO\u0141ECZNIE 2025 - nominowani - Lubuskie Grono","robots":{"index":"index","follow":"follow","max-snippet":"max-snippet:-1","max-image-preview":"max-image-preview:large","max-video-preview":"max-video-preview:-1"},"canonical":"https:\/\/plebiscyt.lubuska.zhp.pl\/?page_id=1006","og_locale":"pl_PL","og_type":"article","og_title":"ODPOWIEDZIALNI SPO\u0141ECZNIE 2025 - nominowani - Lubuskie Grono","og_description":"Dodaj tu sw\u00f3j tekst nag\u0142\u00f3wka ODPOWIEDZIALNI SPO\u0141ECZNIE hm. Monika Michalak \u2013 komendantka Hufca Babimojsko-Sulechowskiego Druhna Monika \u0142\u0105czy energi\u0119 i pasj\u0119 z konsekwencj\u0105 w dzia\u0142aniu, inspiruj\u0105c harcerzy i lokaln\u0105 spo\u0142eczno\u015b\u0107 do s\u0142u\u017cby. Koordynowa\u0142a magazyn pomocy dla powodzian oraz dzia\u0142ania na rzecz uchod\u017ac\u00f3w z Ukrainy, organizuj\u0105c zbi\u00f3rki, transporty i dystrybucj\u0119 dar\u00f3w. Anga\u017cuje w dzia\u0142ania harcerzy, rodzic\u00f3w, szko\u0142y [&hellip;]","og_url":"https:\/\/plebiscyt.lubuska.zhp.pl\/?page_id=1006","og_site_name":"Lubuskie Grono","article_modified_time":"2025-10-20T19:19:42+00:00","og_image":[{"url":"https:\/\/plebiscyt.lubuska.zhp.pl\/wp-content\/uploads\/2025\/10\/OS-Monika-Michalak.png"}],"twitter_card":"summary_large_image","twitter_misc":{"Szacowany czas czytania":"3 minuty"},"schema":{"@context":"https:\/\/schema.org","@graph":[{"@type":"WebPage","@id":"https:\/\/plebiscyt.lubuska.zhp.pl\/?page_id=1006","url":"https:\/\/plebiscyt.lubuska.zhp.pl\/?page_id=1006","name":"ODPOWIEDZIALNI SPO\u0141ECZNIE 2025 - nominowani - Lubuskie Grono","isPartOf":{"@id":"https:\/\/plebiscyt.lubuska.zhp.pl\/#website"},"datePublished":"2023-09-26T11:04:42+00:00","dateModified":"2025-10-20T19:19:42+00:00","breadcrumb":{"@id":"https:\/\/plebiscyt.lubuska.zhp.pl\/?page_id=1006#breadcrumb"},"inLanguage":"pl-PL","potentialAction":[{"@type":"ReadAction","target":["https:\/\/plebiscyt.lubuska.zhp.pl\/?page_id=1006"]}]},{"@type":"BreadcrumbList","@id":"https:\/\/plebiscyt.lubuska.zhp.pl\/?page_id=1006#breadcrumb","itemListElement":[{"@type":"ListItem","position":1,"name":"Strona g\u0142\u00f3wna","item":"https:\/\/plebiscyt.lubuska.zhp.pl\/"},{"@type":"ListItem","position":2,"name":"ODPOWIEDZIALNI SPO\u0141ECZNIE 2025 &#8211; nominowani"}]},{"@type":"WebSite","@id":"https:\/\/plebiscyt.lubuska.zhp.pl\/#website","url":"https:\/\/plebiscyt.lubuska.zhp.pl\/","name":"Lubuskie Grono","description":"Plebiscyt instruktorski Chor\u0105gwi Ziemi Lubuskiej ZHP","publisher":{"@id":"https:\/\/plebiscyt.lubuska.zhp.pl\/#organization"},"potentialAction":[{"@type":"SearchAction","target":{"@type":"EntryPoint","urlTemplate":"https:\/\/plebiscyt.lubuska.zhp.pl\/?s={search_term_string}"},"query-input":"required name=search_term_string"}],"inLanguage":"pl-PL"},{"@type":"Organization","@id":"https:\/\/plebiscyt.lubuska.zhp.pl\/#organization","name":"LUBUSKIE GRONO - Plebiscyt instruktorski Chor\u0105gwi Ziemi Lubuskiej ZHP","url":"https:\/\/plebiscyt.lubuska.zhp.pl\/","logo":{"@type":"ImageObject","inLanguage":"pl-PL","@id":"https:\/\/plebiscyt.lubuska.zhp.pl\/#\/schema\/logo\/image\/","url":"https:\/\/plebiscyt.lubuska.zhp.pl\/wp-content\/uploads\/2022\/06\/lubgrono_fb_wyd_tlo.png","contentUrl":"https:\/\/plebiscyt.lubuska.zhp.pl\/wp-content\/uploads\/2022\/06\/lubgrono_fb_wyd_tlo.png","width":5001,"height":2617,"caption":"LUBUSKIE GRONO - Plebiscyt instruktorski Chor\u0105gwi Ziemi Lubuskiej ZHP"},"image":{"@id":"https:\/\/plebiscyt.lubuska.zhp.pl\/#\/schema\/logo\/image\/"}}]}},"_links":{"self":[{"href":"https:\/\/plebiscyt.lubuska.zhp.pl\/index.php?rest_route=\/wp\/v2\/pages\/1006"}],"collection":[{"href":"https:\/\/plebiscyt.lubuska.zhp.pl\/index.php?rest_route=\/wp\/v2\/pages"}],"about":[{"href":"https:\/\/plebiscyt.lubuska.zhp.pl\/index.php?rest_route=\/wp\/v2\/types\/page"}],"author":[{"embeddable":true,"href":"https:\/\/plebiscyt.lubuska.zhp.pl\/index.php?rest_route=\/wp\/v2\/users\/1"}],"replies":[{"embeddable":true,"href":"https:\/\/plebiscyt.lubuska.zhp.pl\/index.php?rest_route=%2Fwp%2Fv2%2Fcomments&post=1006"}],"version-history":[{"count":40,"href":"https:\/\/plebiscyt.lubuska.zhp.pl\/index.php?rest_route=\/wp\/v2\/pages\/1006\/revisions"}],"predecessor-version":[{"id":1513,"href":"https:\/\/plebiscyt.lubuska.zhp.pl\/index.php?rest_route=\/wp\/v2\/pages\/1006\/revisions\/1513"}],"wp:attachment":[{"href":"https:\/\/plebiscyt.lubuska.zhp.pl\/index.php?rest_route=%2Fwp%2Fv2%2Fmedia&parent=1006"}],"curies":[{"name":"wp","href":"https:\/\/api.w.org\/{rel}","templated":true}]}}