{"id":1048,"date":"2023-09-26T13:49:24","date_gmt":"2023-09-26T11:49:24","guid":{"rendered":"https:\/\/plebiscyt.lubuska.zhp.pl\/?page_id=1048"},"modified":"2025-10-20T21:19:00","modified_gmt":"2025-10-20T19:19:00","slug":"skuteczni-wychowawczo-druzynowi-nominowani","status":"publish","type":"page","link":"https:\/\/plebiscyt.lubuska.zhp.pl\/?page_id=1048","title":{"rendered":"DRU\u017bYNOWI 2025 &#8211; nominowani"},"content":{"rendered":"\t\t<div data-elementor-type=\"wp-page\" data-elementor-id=\"1048\" class=\"elementor elementor-1048\">\n\t\t\t\t\t\t\t\t\t<section class=\"elementor-section elementor-top-section elementor-element elementor-element-e0faa72 elementor-section-boxed elementor-section-height-default elementor-section-height-default\" data-id=\"e0faa72\" data-element_type=\"section\">\n\t\t\t\t\t\t<div class=\"elementor-container elementor-column-gap-default\">\n\t\t\t\t\t<div class=\"aux-parallax-section elementor-column elementor-col-100 elementor-top-column elementor-element elementor-element-c0ae20c\" data-id=\"c0ae20c\" data-element_type=\"column\">\n\t\t\t<div class=\"elementor-widget-wrap\">\n\t\t\t\t\t\t\t\t\t<\/div>\n\t\t<\/div>\n\t\t\t\t\t\t\t<\/div>\n\t\t<\/section>\n\t\t\t\t<section class=\"elementor-section elementor-top-section elementor-element elementor-element-0081dd9 elementor-section-boxed elementor-section-height-default elementor-section-height-default\" data-id=\"0081dd9\" data-element_type=\"section\">\n\t\t\t\t\t\t<div class=\"elementor-container elementor-column-gap-default\">\n\t\t\t\t\t<div class=\"aux-parallax-section elementor-column elementor-col-100 elementor-top-column elementor-element elementor-element-139c816\" data-id=\"139c816\" data-element_type=\"column\">\n\t\t\t<div class=\"elementor-widget-wrap elementor-element-populated\">\n\t\t\t\t\t\t\t\t<div class=\"elementor-element elementor-element-0dba18b elementor-widget elementor-widget-heading\" data-id=\"0dba18b\" data-element_type=\"widget\" data-widget_type=\"heading.default\">\n\t\t\t\t<div class=\"elementor-widget-container\">\n\t\t\t<h2 class=\"elementor-heading-title elementor-size-default\">Dodaj tu sw\u00f3j tekst nag\u0142\u00f3wka<\/h2>\t\t<\/div>\n\t\t\t\t<\/div>\n\t\t\t\t\t<\/div>\n\t\t<\/div>\n\t\t\t\t\t\t\t<\/div>\n\t\t<\/section>\n\t\t\t\t<section class=\"elementor-section elementor-top-section elementor-element elementor-element-6e35e64 elementor-section-boxed elementor-section-height-default elementor-section-height-default\" data-id=\"6e35e64\" data-element_type=\"section\">\n\t\t\t\t\t\t<div class=\"elementor-container elementor-column-gap-default\">\n\t\t\t\t\t<div class=\"aux-parallax-section elementor-column elementor-col-100 elementor-top-column elementor-element elementor-element-6138920\" data-id=\"6138920\" data-element_type=\"column\">\n\t\t\t<div class=\"elementor-widget-wrap elementor-element-populated\">\n\t\t\t\t\t\t\t\t<div class=\"elementor-element elementor-element-8cf2744 elementor-widget elementor-widget-spacer\" data-id=\"8cf2744\" data-element_type=\"widget\" data-widget_type=\"spacer.default\">\n\t\t\t\t<div class=\"elementor-widget-container\">\n\t\t\t\t\t<div class=\"elementor-spacer\">\n\t\t\t<div class=\"elementor-spacer-inner\"><\/div>\n\t\t<\/div>\n\t\t\t\t<\/div>\n\t\t\t\t<\/div>\n\t\t\t\t<div class=\"elementor-element elementor-element-354f05a elementor-widget elementor-widget-heading\" data-id=\"354f05a\" data-element_type=\"widget\" data-widget_type=\"heading.default\">\n\t\t\t\t<div class=\"elementor-widget-container\">\n\t\t\t<h1 class=\"elementor-heading-title elementor-size-default\">SKUTECZNI WYCHOWAWCZO - DRU\u017bYNOWI<\/h1>\t\t<\/div>\n\t\t\t\t<\/div>\n\t\t\t\t<div class=\"elementor-element elementor-element-5c5cd30 elementor-widget elementor-widget-spacer\" data-id=\"5c5cd30\" data-element_type=\"widget\" data-widget_type=\"spacer.default\">\n\t\t\t\t<div class=\"elementor-widget-container\">\n\t\t\t\t\t<div class=\"elementor-spacer\">\n\t\t\t<div class=\"elementor-spacer-inner\"><\/div>\n\t\t<\/div>\n\t\t\t\t<\/div>\n\t\t\t\t<\/div>\n\t\t\t\t\t<\/div>\n\t\t<\/div>\n\t\t\t\t\t\t\t<\/div>\n\t\t<\/section>\n\t\t\t\t<section class=\"elementor-section elementor-top-section elementor-element elementor-element-abe217b elementor-section-boxed elementor-section-height-default elementor-section-height-default\" data-id=\"abe217b\" data-element_type=\"section\">\n\t\t\t\t\t\t<div class=\"elementor-container elementor-column-gap-default\">\n\t\t\t\t\t<div class=\"aux-parallax-section elementor-column elementor-col-100 elementor-top-column elementor-element elementor-element-eae9993\" data-id=\"eae9993\" data-element_type=\"column\">\n\t\t\t<div class=\"elementor-widget-wrap elementor-element-populated\">\n\t\t\t\t\t\t\t\t<div class=\"elementor-element elementor-element-ebf65be elementor-position-left elementor-vertical-align-top elementor-widget elementor-widget-image-box\" data-id=\"ebf65be\" data-element_type=\"widget\" data-widget_type=\"image-box.default\">\n\t\t\t\t<div class=\"elementor-widget-container\">\n\t\t\t<div class=\"elementor-image-box-wrapper\"><figure class=\"elementor-image-box-img\"><img decoding=\"async\" loading=\"lazy\" width=\"1880\" height=\"1576\" src=\"https:\/\/plebiscyt.lubuska.zhp.pl\/wp-content\/uploads\/2025\/10\/D-Malgorzata-Masko-Horyza.png\" class=\"elementor-animation-shrink attachment-full size-full wp-image-1482\" alt=\"\" srcset=\"https:\/\/plebiscyt.lubuska.zhp.pl\/wp-content\/uploads\/2025\/10\/D-Malgorzata-Masko-Horyza.png 1880w, https:\/\/plebiscyt.lubuska.zhp.pl\/wp-content\/uploads\/2025\/10\/D-Malgorzata-Masko-Horyza-1536x1288.png 1536w\" \/><\/figure><div class=\"elementor-image-box-content\"><h3 class=\"elementor-image-box-title\">phm. Ma\u0142gorzata Ma\u015bko-Horyza - Hufiec Zielona G\u00f3ra ZHP<\/h3><p class=\"elementor-image-box-description\">Druhna Ma\u0142gorzata Ma\u015bko-Horyza od pa\u017adziernika 2023 roku z zaanga\u017cowaniem prowadzi 8 Gromad\u0119 Zuchow\u0105 \u201ePrzyjaciele\u201d w Hufcu Zielona G\u00f3ra. Dzi\u0119ki jej energii i konsekwentnej pracy gromada rozkwita, staj\u0105c si\u0119 najliczniejsz\u0105 w hufcu. Zuchy dzia\u0142aj\u0105 metodycznie, zdobywaj\u0105 sprawno\u015bci, tropy i stopnie, a ka\u017cda zbi\u00f3rka jest dla nich przygod\u0105 pe\u0142n\u0105 rado\u015bci i nauki. Druhna Gosia dba o obrz\u0119dowo\u015b\u0107 i tradycj\u0119 \u2013 zuchy zawsze prezentuj\u0105 si\u0119 z dum\u0105 w pe\u0142nym umundurowaniu, godnie reprezentuj\u0105c swoje \u015brodowisko. Wsp\u00f3\u0142pracuj\u0105c z przybocznymi, inspiruje ich do rozwoju i wsp\u00f3lnego dzia\u0142ania. Tworzy z 5 Dru\u017cyn\u0105 Harcersk\u0105 \u201eEnigma\u201d sp\u00f3jny ci\u0105g wychowawczy, przekazuj\u0105c dobrze przygotowanych wychowank\u00f3w. Jest przyk\u0142adem instruktorki, kt\u00f3ra \u0142\u0105czy pasj\u0119, profesjonalizm i prawdziwego harcerskiego ducha.<\/p><\/div><\/div>\t\t<\/div>\n\t\t\t\t<\/div>\n\t\t\t\t<div class=\"elementor-element elementor-element-415224f elementor-position-left elementor-vertical-align-top elementor-widget elementor-widget-image-box\" data-id=\"415224f\" data-element_type=\"widget\" data-widget_type=\"image-box.default\">\n\t\t\t\t<div class=\"elementor-widget-container\">\n\t\t\t<div class=\"elementor-image-box-wrapper\"><figure class=\"elementor-image-box-img\"><img decoding=\"async\" loading=\"lazy\" width=\"1880\" height=\"1576\" src=\"https:\/\/plebiscyt.lubuska.zhp.pl\/wp-content\/uploads\/2025\/10\/D-Hanna-Koltun.png\" class=\"elementor-animation-shrink attachment-full size-full wp-image-1480\" alt=\"\" srcset=\"https:\/\/plebiscyt.lubuska.zhp.pl\/wp-content\/uploads\/2025\/10\/D-Hanna-Koltun.png 1880w, https:\/\/plebiscyt.lubuska.zhp.pl\/wp-content\/uploads\/2025\/10\/D-Hanna-Koltun-1536x1288.png 1536w\" \/><\/figure><div class=\"elementor-image-box-content\"><h3 class=\"elementor-image-box-title\">pwd. Hanna Ko\u0142tun - Hufiec Nowa S\u00f3l ZHP<\/h3><p class=\"elementor-image-box-description\">Druhna Hanna Ko\u0142tun od pa\u017adziernika 2023 roku pe\u0142ni funkcj\u0119 dru\u017cynowej 26 Dru\u017cyny Harcerskiej \u201ePoszukiwacze Zieleni\u201d im. \u015aw. Jerzego w Hufcu Nowa S\u00f3l. Z harcerstwem zwi\u0105zana jest od najm\u0142odszych lat, a dzi\u015b z pasj\u0105 prowadzi dru\u017cyn\u0119, kt\u00f3ra dynamicznie si\u0119 rozwija. Dzi\u0119ki jej zaanga\u017cowaniu i trosce o potrzeby wychowank\u00f3w zbi\u00f3rki s\u0105 ciekawe, r\u00f3\u017cnorodne i sprzyjaj\u0105 zdobywaniu nowych do\u015bwiadcze\u0144. Druhna Hania dba o realizacj\u0119 pr\u00f3b na stopnie, sprawno\u015bci, tropy i wyzwania, wspiera zast\u0119powych w ich pracy oraz wsp\u00f3\u0142pracuje z kadr\u0105 i rodzicami harcerzy. 26 DH \u201ePoszukiwacze Zieleni\u201d posiada bogat\u0105 obrz\u0119dowo\u015b\u0107 \u2013 bohatera, proporce, piosenki oraz w\u0142asny Turniej \u015awi\u0119tego Jerzego, kt\u00f3ry sta\u0142 si\u0119 tradycj\u0105 hufca. Druhna Hania jest przyk\u0142adem instruktorki, kt\u00f3ra \u0142\u0105czy harcersk\u0105 pasj\u0119 z odpowiedzialnym wychowaniem m\u0142odych ludzi.<\/p><\/div><\/div>\t\t<\/div>\n\t\t\t\t<\/div>\n\t\t\t\t<div class=\"elementor-element elementor-element-bfddeef elementor-position-left elementor-vertical-align-top elementor-widget elementor-widget-image-box\" data-id=\"bfddeef\" data-element_type=\"widget\" data-widget_type=\"image-box.default\">\n\t\t\t\t<div class=\"elementor-widget-container\">\n\t\t\t<div class=\"elementor-image-box-wrapper\"><figure class=\"elementor-image-box-img\"><img decoding=\"async\" loading=\"lazy\" width=\"1880\" height=\"1576\" src=\"https:\/\/plebiscyt.lubuska.zhp.pl\/wp-content\/uploads\/2025\/10\/D-Laura-Grzeskowiak.png\" class=\"elementor-animation-shrink attachment-full size-full wp-image-1481\" alt=\"\" srcset=\"https:\/\/plebiscyt.lubuska.zhp.pl\/wp-content\/uploads\/2025\/10\/D-Laura-Grzeskowiak.png 1880w, https:\/\/plebiscyt.lubuska.zhp.pl\/wp-content\/uploads\/2025\/10\/D-Laura-Grzeskowiak-1536x1288.png 1536w\" \/><\/figure><div class=\"elementor-image-box-content\"><h3 class=\"elementor-image-box-title\">phm. Laura Grze\u015bkowiak - Hufiec Nowa S\u00f3l ZHP<\/h3><p class=\"elementor-image-box-description\">Druhna Laura Grze\u015bkowiak pe\u0142ni funkcj\u0119 dru\u017cynowej 7 Dru\u017cyny W\u0119drowniczej \u201eVesper\u201d oraz komendantki 3 Szczepu \u201eTrop\u201d w Hufcu Nowa S\u00f3l. Jest instruktork\u0105 zaanga\u017cowan\u0105 w dzia\u0142ania kszta\u0142ceniowe zar\u00f3wno w hufcu, jak i chor\u0105gwi, a tak\u017ce w prac\u0119 zespo\u0142u promocji. Utworzy\u0142a \u015brodowisko w\u0119drownicze, odpowiadaj\u0105c na potrzeb\u0119 stworzenia przestrzeni dla starszych harcerzy i kadry, kt\u00f3rzy chcieli rozwija\u0107 si\u0119 i dzia\u0142a\u0107 w duchu w\u0119drowniczym. W dru\u017cynie funkcjonuje konstytucja, odbywaj\u0105 si\u0119 wybory dru\u017cynowego, a w\u0119drownicy realizuj\u0105 pr\u00f3by na stopnie HO i HR, tropy oraz podejmuj\u0105 r\u00f3\u017cnorodne wyzwania. Dru\u017cyna anga\u017cuje si\u0119 w s\u0142u\u017cb\u0119 i inicjatywy spo\u0142eczne, m.in. poprzez cykl \u201ePras\u00f3wki Vesper\u201d czy dzia\u0142ania podczas Integracyjnych Turniej\u00f3w Bocci. Druhna Laura inspiruje swoich w\u0119drownik\u00f3w przyk\u0142adem, \u0142\u0105cz\u0105c rozw\u00f3j osobisty z prawdziw\u0105 rado\u015bci\u0105 harcowania.<\/p><\/div><\/div>\t\t<\/div>\n\t\t\t\t<\/div>\n\t\t\t\t<div class=\"elementor-element elementor-element-7dddf69 elementor-position-left elementor-vertical-align-top elementor-widget elementor-widget-image-box\" data-id=\"7dddf69\" data-element_type=\"widget\" data-widget_type=\"image-box.default\">\n\t\t\t\t<div class=\"elementor-widget-container\">\n\t\t\t<div class=\"elementor-image-box-wrapper\"><figure class=\"elementor-image-box-img\"><img decoding=\"async\" loading=\"lazy\" width=\"1880\" height=\"1576\" src=\"https:\/\/plebiscyt.lubuska.zhp.pl\/wp-content\/uploads\/2025\/10\/D-Przemyslaw-Maciejewski.png\" class=\"elementor-animation-shrink attachment-full size-full wp-image-1483\" alt=\"\" srcset=\"https:\/\/plebiscyt.lubuska.zhp.pl\/wp-content\/uploads\/2025\/10\/D-Przemyslaw-Maciejewski.png 1880w, https:\/\/plebiscyt.lubuska.zhp.pl\/wp-content\/uploads\/2025\/10\/D-Przemyslaw-Maciejewski-1536x1288.png 1536w\" \/><\/figure><div class=\"elementor-image-box-content\"><h3 class=\"elementor-image-box-title\">pwd. Przemys\u0142aw Maciejewski - Hufiec Gorz\u00f3w Wielkopolski ZHP<\/h3><p class=\"elementor-image-box-description\">Dru\u017cynowy Przemys\u0142aw Maciejewski prowadzi 48 Dru\u017cyn\u0119 Harcersk\u0105 \u201eWilcza Zamie\u0107\u201d w Hufcu Gorz\u00f3w Wielkopolski ZHP. Dzi\u0119ki jego zaanga\u017cowaniu i konsekwentnej pracy dru\u017cyna dynamicznie si\u0119 rozwija, a jej liczebno\u015b\u0107 w ostatnich latach wzros\u0142a do ponad 40 os\u00f3b. Druh Przemys\u0142aw stawia na jako\u015b\u0107 dzia\u0142a\u0144 i wychowanie poprzez dzia\u0142anie \u2013 harcerze zdobywaj\u0105 sprawno\u015bci, podejmuj\u0105 wyzwania i aktywnie uczestnicz\u0105 w \u017cyciu lokalnej spo\u0142eczno\u015bci. Wsp\u00f3lnie z rodzicami i kadr\u0105 w\u0142\u0105cza si\u0119 w organizacj\u0119 wydarze\u0144 miejskich, takich jak Kostrzyn na Fali czy Jarmark Bo\u017conarodzeniowy, pokazuj\u0105c harcerstwo otwarte i zaanga\u017cowane. W dru\u017cynie funkcjonuje system ma\u0142ych grup, a kadra z przybocznymi wspiera piony harcerski i starszoharcerski. Druh Przemys\u0142aw motywuje m\u0142od\u0105 kadr\u0119 do rozwoju, przygotowuj\u0105c swoich nast\u0119pc\u00f3w do pe\u0142nienia funkcji instruktorskich. Jego praca to przyk\u0142ad nowoczesnego i skutecznego przyw\u00f3dztwa opartego na harcerskich warto\u015bciach i osobistym zaanga\u017cowaniu.<\/p><\/div><\/div>\t\t<\/div>\n\t\t\t\t<\/div>\n\t\t\t\t\t<\/div>\n\t\t<\/div>\n\t\t\t\t\t\t\t<\/div>\n\t\t<\/section>\n\t\t\t\t<section class=\"elementor-section elementor-top-section elementor-element elementor-element-ae26ad2 elementor-section-boxed elementor-section-height-default elementor-section-height-default\" data-id=\"ae26ad2\" data-element_type=\"section\">\n\t\t\t\t\t\t<div class=\"elementor-container elementor-column-gap-default\">\n\t\t\t\t\t<div class=\"aux-parallax-section elementor-column elementor-col-100 elementor-top-column elementor-element elementor-element-c3bd029\" data-id=\"c3bd029\" data-element_type=\"column\">\n\t\t\t<div class=\"elementor-widget-wrap elementor-element-populated\">\n\t\t\t\t\t\t\t\t<div class=\"aux-scroll-anim elementor-element elementor-element-56b5539 elementor-widget elementor-widget-aux_button\" data-move-in=\"slideTop\" data-move-out=\"maskRight\" data-axis-x=\"200\" data-axis-y=\"200\" data-rotate=\"90\" data-scale=\"1\" data-vp-top=\"0.5\" data-vp-bot=\"0.5\" data-el-top=\"0.2\" data-scroll-animation-off=\"1024\" data-id=\"56b5539\" data-element_type=\"widget\" data-widget_type=\"aux_button.default\">\n\t\t\t\t<div class=\"elementor-widget-container\">\n\t\t\t<a  href=\"https:\/\/forms.office.com\/e\/bcP7ydvk7P\" target=\"_blank\"   class=\"aux-button aux-exlarge aux-emerald aux-curve aux-none aux-uppercase\" ><span class=\"aux-overlay\"><\/span><span class=\"aux-text\">G\u0141OSUJ<\/span><\/a>\t\t<\/div>\n\t\t\t\t<\/div>\n\t\t\t\t<div class=\"elementor-element elementor-element-bf57416 elementor-widget elementor-widget-spacer\" data-id=\"bf57416\" data-element_type=\"widget\" data-widget_type=\"spacer.default\">\n\t\t\t\t<div class=\"elementor-widget-container\">\n\t\t\t\t\t<div class=\"elementor-spacer\">\n\t\t\t<div class=\"elementor-spacer-inner\"><\/div>\n\t\t<\/div>\n\t\t\t\t<\/div>\n\t\t\t\t<\/div>\n\t\t\t\t\t<\/div>\n\t\t<\/div>\n\t\t\t\t\t\t\t<\/div>\n\t\t<\/section>\n\t\t\t\t<section class=\"elementor-section elementor-top-section elementor-element elementor-element-b9a3bd9 elementor-section-boxed elementor-section-height-default elementor-section-height-default\" data-id=\"b9a3bd9\" data-element_type=\"section\">\n\t\t\t\t\t\t<div class=\"elementor-container elementor-column-gap-default\">\n\t\t\t\t\t<div class=\"aux-parallax-section elementor-column elementor-col-100 elementor-top-column elementor-element elementor-element-3e45b8e\" data-id=\"3e45b8e\" data-element_type=\"column\">\n\t\t\t<div class=\"elementor-widget-wrap elementor-element-populated\">\n\t\t\t\t\t\t\t\t<div class=\"elementor-element elementor-element-ff3a56e elementor-widget elementor-widget-aux_button\" data-id=\"ff3a56e\" data-element_type=\"widget\" data-widget_type=\"aux_button.default\">\n\t\t\t\t<div class=\"elementor-widget-container\">\n\t\t\t<a  href=\"https:\/\/plebiscyt.lubuska.zhp.pl\" target=\"_self\"   class=\"aux-button aux-exlarge aux-carmine-pink aux-none aux-uppercase\" ><span class=\"aux-overlay\"><\/span><span class=\"aux-text\">STRONA G\u0141\u00d3WNA<\/span><\/a>\t\t<\/div>\n\t\t\t\t<\/div>\n\t\t\t\t\t<\/div>\n\t\t<\/div>\n\t\t\t\t\t\t\t<\/div>\n\t\t<\/section>\n\t\t\t\t\t\t\t<\/div>\n\t\t","protected":false},"excerpt":{"rendered":"<p>Dodaj tu sw\u00f3j tekst nag\u0142\u00f3wka SKUTECZNI WYCHOWAWCZO &#8211; DRU\u017bYNOWI phm. Ma\u0142gorzata Ma\u015bko-Horyza &#8211; Hufiec Zielona G\u00f3ra ZHP Druhna Ma\u0142gorzata Ma\u015bko-Horyza od pa\u017adziernika 2023 roku z zaanga\u017cowaniem prowadzi 8 Gromad\u0119 Zuchow\u0105 \u201ePrzyjaciele\u201d w Hufcu Zielona G\u00f3ra. Dzi\u0119ki jej energii i konsekwentnej pracy gromada rozkwita, staj\u0105c si\u0119 najliczniejsz\u0105 w hufcu. Zuchy dzia\u0142aj\u0105 metodycznie, zdobywaj\u0105 sprawno\u015bci, tropy i [&hellip;]<\/p>\n","protected":false},"author":1,"featured_media":0,"parent":0,"menu_order":0,"comment_status":"closed","ping_status":"closed","template":"elementor_theme","meta":{"footnotes":""},"yoast_head":"<!-- This site is optimized with the Yoast SEO plugin v21.4 - https:\/\/yoast.com\/wordpress\/plugins\/seo\/ -->\n<title>DRU\u017bYNOWI 2025 - nominowani - Lubuskie Grono<\/title>\n<meta name=\"robots\" content=\"index, follow, max-snippet:-1, max-image-preview:large, max-video-preview:-1\" \/>\n<link rel=\"canonical\" href=\"https:\/\/plebiscyt.lubuska.zhp.pl\/?page_id=1048\" \/>\n<meta property=\"og:locale\" content=\"pl_PL\" \/>\n<meta property=\"og:type\" content=\"article\" \/>\n<meta property=\"og:title\" content=\"DRU\u017bYNOWI 2025 - nominowani - Lubuskie Grono\" \/>\n<meta property=\"og:description\" content=\"Dodaj tu sw\u00f3j tekst nag\u0142\u00f3wka SKUTECZNI WYCHOWAWCZO &#8211; DRU\u017bYNOWI phm. Ma\u0142gorzata Ma\u015bko-Horyza &#8211; Hufiec Zielona G\u00f3ra ZHP Druhna Ma\u0142gorzata Ma\u015bko-Horyza od pa\u017adziernika 2023 roku z zaanga\u017cowaniem prowadzi 8 Gromad\u0119 Zuchow\u0105 \u201ePrzyjaciele\u201d w Hufcu Zielona G\u00f3ra. Dzi\u0119ki jej energii i konsekwentnej pracy gromada rozkwita, staj\u0105c si\u0119 najliczniejsz\u0105 w hufcu. Zuchy dzia\u0142aj\u0105 metodycznie, zdobywaj\u0105 sprawno\u015bci, tropy i [&hellip;]\" \/>\n<meta property=\"og:url\" content=\"https:\/\/plebiscyt.lubuska.zhp.pl\/?page_id=1048\" \/>\n<meta property=\"og:site_name\" content=\"Lubuskie Grono\" \/>\n<meta property=\"article:modified_time\" content=\"2025-10-20T19:19:00+00:00\" \/>\n<meta property=\"og:image\" content=\"https:\/\/plebiscyt.lubuska.zhp.pl\/wp-content\/uploads\/2025\/10\/D-Malgorzata-Masko-Horyza.png\" \/>\n<meta name=\"twitter:card\" content=\"summary_large_image\" \/>\n<meta name=\"twitter:label1\" content=\"Szacowany czas czytania\" \/>\n\t<meta name=\"twitter:data1\" content=\"4 minuty\" \/>\n<script type=\"application\/ld+json\" class=\"yoast-schema-graph\">{\"@context\":\"https:\/\/schema.org\",\"@graph\":[{\"@type\":\"WebPage\",\"@id\":\"https:\/\/plebiscyt.lubuska.zhp.pl\/?page_id=1048\",\"url\":\"https:\/\/plebiscyt.lubuska.zhp.pl\/?page_id=1048\",\"name\":\"DRU\u017bYNOWI 2025 - nominowani - Lubuskie Grono\",\"isPartOf\":{\"@id\":\"https:\/\/plebiscyt.lubuska.zhp.pl\/#website\"},\"datePublished\":\"2023-09-26T11:49:24+00:00\",\"dateModified\":\"2025-10-20T19:19:00+00:00\",\"breadcrumb\":{\"@id\":\"https:\/\/plebiscyt.lubuska.zhp.pl\/?page_id=1048#breadcrumb\"},\"inLanguage\":\"pl-PL\",\"potentialAction\":[{\"@type\":\"ReadAction\",\"target\":[\"https:\/\/plebiscyt.lubuska.zhp.pl\/?page_id=1048\"]}]},{\"@type\":\"BreadcrumbList\",\"@id\":\"https:\/\/plebiscyt.lubuska.zhp.pl\/?page_id=1048#breadcrumb\",\"itemListElement\":[{\"@type\":\"ListItem\",\"position\":1,\"name\":\"Strona g\u0142\u00f3wna\",\"item\":\"https:\/\/plebiscyt.lubuska.zhp.pl\/\"},{\"@type\":\"ListItem\",\"position\":2,\"name\":\"DRU\u017bYNOWI 2025 &#8211; nominowani\"}]},{\"@type\":\"WebSite\",\"@id\":\"https:\/\/plebiscyt.lubuska.zhp.pl\/#website\",\"url\":\"https:\/\/plebiscyt.lubuska.zhp.pl\/\",\"name\":\"Lubuskie Grono\",\"description\":\"Plebiscyt instruktorski Chor\u0105gwi Ziemi Lubuskiej ZHP\",\"publisher\":{\"@id\":\"https:\/\/plebiscyt.lubuska.zhp.pl\/#organization\"},\"potentialAction\":[{\"@type\":\"SearchAction\",\"target\":{\"@type\":\"EntryPoint\",\"urlTemplate\":\"https:\/\/plebiscyt.lubuska.zhp.pl\/?s={search_term_string}\"},\"query-input\":\"required name=search_term_string\"}],\"inLanguage\":\"pl-PL\"},{\"@type\":\"Organization\",\"@id\":\"https:\/\/plebiscyt.lubuska.zhp.pl\/#organization\",\"name\":\"LUBUSKIE GRONO - Plebiscyt instruktorski Chor\u0105gwi Ziemi Lubuskiej ZHP\",\"url\":\"https:\/\/plebiscyt.lubuska.zhp.pl\/\",\"logo\":{\"@type\":\"ImageObject\",\"inLanguage\":\"pl-PL\",\"@id\":\"https:\/\/plebiscyt.lubuska.zhp.pl\/#\/schema\/logo\/image\/\",\"url\":\"https:\/\/plebiscyt.lubuska.zhp.pl\/wp-content\/uploads\/2022\/06\/lubgrono_fb_wyd_tlo.png\",\"contentUrl\":\"https:\/\/plebiscyt.lubuska.zhp.pl\/wp-content\/uploads\/2022\/06\/lubgrono_fb_wyd_tlo.png\",\"width\":5001,\"height\":2617,\"caption\":\"LUBUSKIE GRONO - Plebiscyt instruktorski Chor\u0105gwi Ziemi Lubuskiej ZHP\"},\"image\":{\"@id\":\"https:\/\/plebiscyt.lubuska.zhp.pl\/#\/schema\/logo\/image\/\"}}]}<\/script>\n<!-- \/ Yoast SEO plugin. -->","yoast_head_json":{"title":"DRU\u017bYNOWI 2025 - nominowani - Lubuskie Grono","robots":{"index":"index","follow":"follow","max-snippet":"max-snippet:-1","max-image-preview":"max-image-preview:large","max-video-preview":"max-video-preview:-1"},"canonical":"https:\/\/plebiscyt.lubuska.zhp.pl\/?page_id=1048","og_locale":"pl_PL","og_type":"article","og_title":"DRU\u017bYNOWI 2025 - nominowani - Lubuskie Grono","og_description":"Dodaj tu sw\u00f3j tekst nag\u0142\u00f3wka SKUTECZNI WYCHOWAWCZO &#8211; DRU\u017bYNOWI phm. Ma\u0142gorzata Ma\u015bko-Horyza &#8211; Hufiec Zielona G\u00f3ra ZHP Druhna Ma\u0142gorzata Ma\u015bko-Horyza od pa\u017adziernika 2023 roku z zaanga\u017cowaniem prowadzi 8 Gromad\u0119 Zuchow\u0105 \u201ePrzyjaciele\u201d w Hufcu Zielona G\u00f3ra. Dzi\u0119ki jej energii i konsekwentnej pracy gromada rozkwita, staj\u0105c si\u0119 najliczniejsz\u0105 w hufcu. Zuchy dzia\u0142aj\u0105 metodycznie, zdobywaj\u0105 sprawno\u015bci, tropy i [&hellip;]","og_url":"https:\/\/plebiscyt.lubuska.zhp.pl\/?page_id=1048","og_site_name":"Lubuskie Grono","article_modified_time":"2025-10-20T19:19:00+00:00","og_image":[{"url":"https:\/\/plebiscyt.lubuska.zhp.pl\/wp-content\/uploads\/2025\/10\/D-Malgorzata-Masko-Horyza.png"}],"twitter_card":"summary_large_image","twitter_misc":{"Szacowany czas czytania":"4 minuty"},"schema":{"@context":"https:\/\/schema.org","@graph":[{"@type":"WebPage","@id":"https:\/\/plebiscyt.lubuska.zhp.pl\/?page_id=1048","url":"https:\/\/plebiscyt.lubuska.zhp.pl\/?page_id=1048","name":"DRU\u017bYNOWI 2025 - nominowani - Lubuskie Grono","isPartOf":{"@id":"https:\/\/plebiscyt.lubuska.zhp.pl\/#website"},"datePublished":"2023-09-26T11:49:24+00:00","dateModified":"2025-10-20T19:19:00+00:00","breadcrumb":{"@id":"https:\/\/plebiscyt.lubuska.zhp.pl\/?page_id=1048#breadcrumb"},"inLanguage":"pl-PL","potentialAction":[{"@type":"ReadAction","target":["https:\/\/plebiscyt.lubuska.zhp.pl\/?page_id=1048"]}]},{"@type":"BreadcrumbList","@id":"https:\/\/plebiscyt.lubuska.zhp.pl\/?page_id=1048#breadcrumb","itemListElement":[{"@type":"ListItem","position":1,"name":"Strona g\u0142\u00f3wna","item":"https:\/\/plebiscyt.lubuska.zhp.pl\/"},{"@type":"ListItem","position":2,"name":"DRU\u017bYNOWI 2025 &#8211; nominowani"}]},{"@type":"WebSite","@id":"https:\/\/plebiscyt.lubuska.zhp.pl\/#website","url":"https:\/\/plebiscyt.lubuska.zhp.pl\/","name":"Lubuskie Grono","description":"Plebiscyt instruktorski Chor\u0105gwi Ziemi Lubuskiej ZHP","publisher":{"@id":"https:\/\/plebiscyt.lubuska.zhp.pl\/#organization"},"potentialAction":[{"@type":"SearchAction","target":{"@type":"EntryPoint","urlTemplate":"https:\/\/plebiscyt.lubuska.zhp.pl\/?s={search_term_string}"},"query-input":"required name=search_term_string"}],"inLanguage":"pl-PL"},{"@type":"Organization","@id":"https:\/\/plebiscyt.lubuska.zhp.pl\/#organization","name":"LUBUSKIE GRONO - Plebiscyt instruktorski Chor\u0105gwi Ziemi Lubuskiej ZHP","url":"https:\/\/plebiscyt.lubuska.zhp.pl\/","logo":{"@type":"ImageObject","inLanguage":"pl-PL","@id":"https:\/\/plebiscyt.lubuska.zhp.pl\/#\/schema\/logo\/image\/","url":"https:\/\/plebiscyt.lubuska.zhp.pl\/wp-content\/uploads\/2022\/06\/lubgrono_fb_wyd_tlo.png","contentUrl":"https:\/\/plebiscyt.lubuska.zhp.pl\/wp-content\/uploads\/2022\/06\/lubgrono_fb_wyd_tlo.png","width":5001,"height":2617,"caption":"LUBUSKIE GRONO - Plebiscyt instruktorski Chor\u0105gwi Ziemi Lubuskiej ZHP"},"image":{"@id":"https:\/\/plebiscyt.lubuska.zhp.pl\/#\/schema\/logo\/image\/"}}]}},"_links":{"self":[{"href":"https:\/\/plebiscyt.lubuska.zhp.pl\/index.php?rest_route=\/wp\/v2\/pages\/1048"}],"collection":[{"href":"https:\/\/plebiscyt.lubuska.zhp.pl\/index.php?rest_route=\/wp\/v2\/pages"}],"about":[{"href":"https:\/\/plebiscyt.lubuska.zhp.pl\/index.php?rest_route=\/wp\/v2\/types\/page"}],"author":[{"embeddable":true,"href":"https:\/\/plebiscyt.lubuska.zhp.pl\/index.php?rest_route=\/wp\/v2\/users\/1"}],"replies":[{"embeddable":true,"href":"https:\/\/plebiscyt.lubuska.zhp.pl\/index.php?rest_route=%2Fwp%2Fv2%2Fcomments&post=1048"}],"version-history":[{"count":24,"href":"https:\/\/plebiscyt.lubuska.zhp.pl\/index.php?rest_route=\/wp\/v2\/pages\/1048\/revisions"}],"predecessor-version":[{"id":1507,"href":"https:\/\/plebiscyt.lubuska.zhp.pl\/index.php?rest_route=\/wp\/v2\/pages\/1048\/revisions\/1507"}],"wp:attachment":[{"href":"https:\/\/plebiscyt.lubuska.zhp.pl\/index.php?rest_route=%2Fwp%2Fv2%2Fmedia&parent=1048"}],"curies":[{"name":"wp","href":"https:\/\/api.w.org\/{rel}","templated":true}]}}