{"id":1077,"date":"2023-09-26T14:04:34","date_gmt":"2023-09-26T12:04:34","guid":{"rendered":"https:\/\/plebiscyt.lubuska.zhp.pl\/?page_id=1077"},"modified":"2025-10-21T20:39:19","modified_gmt":"2025-10-21T18:39:19","slug":"sprawni-w-dzialaniu-nominowani","status":"publish","type":"page","link":"https:\/\/plebiscyt.lubuska.zhp.pl\/?page_id=1077","title":{"rendered":"SPRAWNI W DZIA\u0141ANIU 2025 &#8211; nominowani"},"content":{"rendered":"\t\t<div data-elementor-type=\"wp-page\" data-elementor-id=\"1077\" class=\"elementor elementor-1077\">\n\t\t\t\t\t\t\t\t\t<section class=\"elementor-section elementor-top-section elementor-element elementor-element-e0faa72 elementor-section-boxed elementor-section-height-default elementor-section-height-default\" data-id=\"e0faa72\" data-element_type=\"section\">\n\t\t\t\t\t\t<div class=\"elementor-container elementor-column-gap-default\">\n\t\t\t\t\t<div class=\"aux-parallax-section elementor-column elementor-col-100 elementor-top-column elementor-element elementor-element-c0ae20c\" data-id=\"c0ae20c\" data-element_type=\"column\">\n\t\t\t<div class=\"elementor-widget-wrap\">\n\t\t\t\t\t\t\t\t\t<\/div>\n\t\t<\/div>\n\t\t\t\t\t\t\t<\/div>\n\t\t<\/section>\n\t\t\t\t<section class=\"elementor-section elementor-top-section elementor-element elementor-element-0081dd9 elementor-section-boxed elementor-section-height-default elementor-section-height-default\" data-id=\"0081dd9\" data-element_type=\"section\">\n\t\t\t\t\t\t<div class=\"elementor-container elementor-column-gap-default\">\n\t\t\t\t\t<div class=\"aux-parallax-section elementor-column elementor-col-100 elementor-top-column elementor-element elementor-element-139c816\" data-id=\"139c816\" data-element_type=\"column\">\n\t\t\t<div class=\"elementor-widget-wrap elementor-element-populated\">\n\t\t\t\t\t\t\t\t<div class=\"elementor-element elementor-element-0dba18b elementor-widget elementor-widget-heading\" data-id=\"0dba18b\" data-element_type=\"widget\" data-widget_type=\"heading.default\">\n\t\t\t\t<div class=\"elementor-widget-container\">\n\t\t\t<h2 class=\"elementor-heading-title elementor-size-default\">Dodaj tu sw\u00f3j tekst nag\u0142\u00f3wka<\/h2>\t\t<\/div>\n\t\t\t\t<\/div>\n\t\t\t\t\t<\/div>\n\t\t<\/div>\n\t\t\t\t\t\t\t<\/div>\n\t\t<\/section>\n\t\t\t\t<section class=\"elementor-section elementor-top-section elementor-element elementor-element-6e35e64 elementor-section-boxed elementor-section-height-default elementor-section-height-default\" data-id=\"6e35e64\" data-element_type=\"section\">\n\t\t\t\t\t\t<div class=\"elementor-container elementor-column-gap-default\">\n\t\t\t\t\t<div class=\"aux-parallax-section elementor-column elementor-col-100 elementor-top-column elementor-element elementor-element-6138920\" data-id=\"6138920\" data-element_type=\"column\">\n\t\t\t<div class=\"elementor-widget-wrap elementor-element-populated\">\n\t\t\t\t\t\t\t\t<div class=\"elementor-element elementor-element-8cf2744 elementor-widget elementor-widget-spacer\" data-id=\"8cf2744\" data-element_type=\"widget\" data-widget_type=\"spacer.default\">\n\t\t\t\t<div class=\"elementor-widget-container\">\n\t\t\t\t\t<div class=\"elementor-spacer\">\n\t\t\t<div class=\"elementor-spacer-inner\"><\/div>\n\t\t<\/div>\n\t\t\t\t<\/div>\n\t\t\t\t<\/div>\n\t\t\t\t<div class=\"elementor-element elementor-element-354f05a elementor-widget elementor-widget-heading\" data-id=\"354f05a\" data-element_type=\"widget\" data-widget_type=\"heading.default\">\n\t\t\t\t<div class=\"elementor-widget-container\">\n\t\t\t<h1 class=\"elementor-heading-title elementor-size-default\">SPRAWNI W DZIA\u0141ANIU<\/h1>\t\t<\/div>\n\t\t\t\t<\/div>\n\t\t\t\t<div class=\"elementor-element elementor-element-5c5cd30 elementor-widget elementor-widget-spacer\" data-id=\"5c5cd30\" data-element_type=\"widget\" data-widget_type=\"spacer.default\">\n\t\t\t\t<div class=\"elementor-widget-container\">\n\t\t\t\t\t<div class=\"elementor-spacer\">\n\t\t\t<div class=\"elementor-spacer-inner\"><\/div>\n\t\t<\/div>\n\t\t\t\t<\/div>\n\t\t\t\t<\/div>\n\t\t\t\t\t<\/div>\n\t\t<\/div>\n\t\t\t\t\t\t\t<\/div>\n\t\t<\/section>\n\t\t\t\t<section class=\"elementor-section elementor-top-section elementor-element elementor-element-abe217b elementor-section-boxed elementor-section-height-default elementor-section-height-default\" data-id=\"abe217b\" data-element_type=\"section\">\n\t\t\t\t\t\t<div class=\"elementor-container elementor-column-gap-default\">\n\t\t\t\t\t<div class=\"aux-parallax-section elementor-column elementor-col-100 elementor-top-column elementor-element elementor-element-eae9993\" data-id=\"eae9993\" data-element_type=\"column\">\n\t\t\t<div class=\"elementor-widget-wrap elementor-element-populated\">\n\t\t\t\t\t\t\t\t<div class=\"elementor-element elementor-element-ebf65be elementor-position-left elementor-vertical-align-top elementor-widget elementor-widget-image-box\" data-id=\"ebf65be\" data-element_type=\"widget\" data-widget_type=\"image-box.default\">\n\t\t\t\t<div class=\"elementor-widget-container\">\n\t\t\t<div class=\"elementor-image-box-wrapper\"><figure class=\"elementor-image-box-img\"><img decoding=\"async\" loading=\"lazy\" width=\"1880\" height=\"1576\" src=\"https:\/\/plebiscyt.lubuska.zhp.pl\/wp-content\/uploads\/2025\/10\/SWD-Dariusz-Zajaczkowski-1.png\" class=\"elementor-animation-shrink attachment-full size-full wp-image-1487\" alt=\"\" srcset=\"https:\/\/plebiscyt.lubuska.zhp.pl\/wp-content\/uploads\/2025\/10\/SWD-Dariusz-Zajaczkowski-1.png 1880w, https:\/\/plebiscyt.lubuska.zhp.pl\/wp-content\/uploads\/2025\/10\/SWD-Dariusz-Zajaczkowski-1-1536x1288.png 1536w\" \/><\/figure><div class=\"elementor-image-box-content\"><h3 class=\"elementor-image-box-title\">hm. Dariusz Zaj\u0105czkowski \u2013 przewodnicz\u0105cy Rady Choragwi  Ziemi Lubuskiej<\/h3><p class=\"elementor-image-box-description\">Druh Dariusz anga\u017cuje si\u0119 w rozw\u00f3j chor\u0105gwianej bazy w U\u015bciu, organizuj\u0105c sprz\u0105tanie, naprawy i prace konserwacyjne. Dzi\u0119ki jego dzia\u0142aniom baza staje si\u0119 miejscem przyjaznym dla harcerzy i instruktor\u00f3w, a praca nad ni\u0105 uczy odpowiedzialno\u015bci, zaradno\u015bci i wsp\u00f3\u0142pracy. Dzia\u0142a tak\u017ce motywuj\u0105co, zara\u017caj\u0105c innych pasj\u0105 do harcerskiej s\u0142u\u017cby i wsp\u00f3lnego dbania o maj\u0105tek wsp\u00f3lnoty. Jego inicjatywy wzmacniaj\u0105 wi\u0119zi w chor\u0105gwi i tworz\u0105 przestrze\u0144 do zdobywania do\u015bwiadczenia przez kolejne pokolenia harcerzy.<\/p><\/div><\/div>\t\t<\/div>\n\t\t\t\t<\/div>\n\t\t\t\t<div class=\"elementor-element elementor-element-415224f elementor-position-left elementor-vertical-align-top elementor-widget elementor-widget-image-box\" data-id=\"415224f\" data-element_type=\"widget\" data-widget_type=\"image-box.default\">\n\t\t\t\t<div class=\"elementor-widget-container\">\n\t\t\t<div class=\"elementor-image-box-wrapper\"><figure class=\"elementor-image-box-img\"><img decoding=\"async\" loading=\"lazy\" width=\"1880\" height=\"1576\" src=\"https:\/\/plebiscyt.lubuska.zhp.pl\/wp-content\/uploads\/2025\/10\/SWD-Tomasz-Skrzypczak.png\" class=\"elementor-animation-shrink attachment-full size-full wp-image-1425\" alt=\"\" srcset=\"https:\/\/plebiscyt.lubuska.zhp.pl\/wp-content\/uploads\/2025\/10\/SWD-Tomasz-Skrzypczak.png 1880w, https:\/\/plebiscyt.lubuska.zhp.pl\/wp-content\/uploads\/2025\/10\/SWD-Tomasz-Skrzypczak-1536x1288.png 1536w\" \/><\/figure><div class=\"elementor-image-box-content\"><h3 class=\"elementor-image-box-title\">phm. Tomasz Skrzypczak \u2013 komendant Zwi\u0105zku Dru\u017cyn Zb\u0105szynek, Hufiec Babimojsko-Sulechowski<\/h3><p class=\"elementor-image-box-description\">Druh Tomasz wspiera rozw\u00f3j lokalnych dru\u017cyn poprzez organizacj\u0119, logistyk\u0119, promocj\u0119 i pozyskiwanie \u015brodk\u00f3w. Aktywnie uczestniczy w reaktywacji Bazy w Niesulicach, co umo\u017cliwia realizacj\u0119 program\u00f3w, oboz\u00f3w i szkole\u0144 kadry. Dzi\u0119ki uporz\u0105dkowanemu systemowi zarz\u0105dzania maj\u0105tkiem zwi\u0105zku dru\u017cyn, dru\u017cyny dzia\u0142aj\u0105 sprawniej i efektywniej. Jego dzia\u0142ania \u0142\u0105cz\u0105 \u015brodowisko, umo\u017cliwiaj\u0105c integracj\u0119 oraz wsp\u00f3lne planowanie przedsi\u0119wzi\u0119\u0107. Druh Tomasz skutecznie wspiera dru\u017cynowych, daj\u0105c im narz\u0119dzia i warunki do rozwijania programu oraz umiej\u0119tno\u015bci.<\/p><\/div><\/div>\t\t<\/div>\n\t\t\t\t<\/div>\n\t\t\t\t<div class=\"elementor-element elementor-element-bfddeef elementor-position-left elementor-vertical-align-top elementor-widget elementor-widget-image-box\" data-id=\"bfddeef\" data-element_type=\"widget\" data-widget_type=\"image-box.default\">\n\t\t\t\t<div class=\"elementor-widget-container\">\n\t\t\t<div class=\"elementor-image-box-wrapper\"><figure class=\"elementor-image-box-img\"><img decoding=\"async\" loading=\"lazy\" width=\"1880\" height=\"1576\" src=\"https:\/\/plebiscyt.lubuska.zhp.pl\/wp-content\/uploads\/2025\/10\/SWD-Krystyna-Klepacka.png\" class=\"elementor-animation-shrink attachment-full size-full wp-image-1423\" alt=\"\" srcset=\"https:\/\/plebiscyt.lubuska.zhp.pl\/wp-content\/uploads\/2025\/10\/SWD-Krystyna-Klepacka.png 1880w, https:\/\/plebiscyt.lubuska.zhp.pl\/wp-content\/uploads\/2025\/10\/SWD-Krystyna-Klepacka-1536x1288.png 1536w\" \/><\/figure><div class=\"elementor-image-box-content\"><h3 class=\"elementor-image-box-title\">phm. Krystyna Klepacka \u2013 komendantka Hufca Nowa S\u00f3l<\/h3><p class=\"elementor-image-box-description\">Druhna Krystyna zmobilizowa\u0142a \u015brodowisko hufca do reaktywacji bazy obozowej, tworz\u0105c zesp\u00f3\u0142 instruktor\u00f3w do prac porz\u0105dkowych i kwatermistrzowskich. Dzi\u0119ki jej determinacji hufiec odzyska\u0142 przestrze\u0144 do organizacji oboz\u00f3w, co pozwoli\u0142o na ni\u017csze koszty uczestnictwa i wzmocnienie wsp\u00f3lnoty instruktorskiej. Dzia\u0142a tak\u017ce na rzecz sprawnego zarz\u0105dzania maj\u0105tkiem hufca, umo\u017cliwiaj\u0105c efektywne wykorzystanie zasob\u00f3w w dzia\u0142aniach programowych. Jej postawa inspiruje i integruje \u015brodowisko, pokazuj\u0105c, \u017ce wsp\u00f3lne dzia\u0142anie prowadzi do osi\u0105gni\u0119cia ambitnych cel\u00f3w.<\/p><\/div><\/div>\t\t<\/div>\n\t\t\t\t<\/div>\n\t\t\t\t<div class=\"elementor-element elementor-element-727b266 elementor-position-left elementor-vertical-align-top elementor-widget elementor-widget-image-box\" data-id=\"727b266\" data-element_type=\"widget\" data-widget_type=\"image-box.default\">\n\t\t\t\t<div class=\"elementor-widget-container\">\n\t\t\t<div class=\"elementor-image-box-wrapper\"><figure class=\"elementor-image-box-img\"><img decoding=\"async\" loading=\"lazy\" width=\"1880\" height=\"1576\" src=\"https:\/\/plebiscyt.lubuska.zhp.pl\/wp-content\/uploads\/2025\/10\/SWD-Piotr-Kwilinski.png\" class=\"elementor-animation-shrink attachment-full size-full wp-image-1424\" alt=\"\" srcset=\"https:\/\/plebiscyt.lubuska.zhp.pl\/wp-content\/uploads\/2025\/10\/SWD-Piotr-Kwilinski.png 1880w, https:\/\/plebiscyt.lubuska.zhp.pl\/wp-content\/uploads\/2025\/10\/SWD-Piotr-Kwilinski-1536x1288.png 1536w\" \/><\/figure><div class=\"elementor-image-box-content\"><h3 class=\"elementor-image-box-title\">phm. Piotr Kwili\u0144ski \u2013 skarbnik Hufca Gorz\u00f3w Wielkopolski ZHP<\/h3><p class=\"elementor-image-box-description\">Druh Piotr systematycznie porz\u0105dkuje finanse hufca i wdra\u017ca przejrzyste mechanizmy zarz\u0105dzania \u015brodkami. Dzi\u0119ki jego wsparciu dru\u017cynowi maj\u0105 jasne narz\u0119dzia do zg\u0142aszania zaliczek, rozliczania faktur i planowania bud\u017cetu wydarze\u0144. Wdro\u017cone przez niego procedury u\u0142atwiaj\u0105 korzystanie ze \u015brodk\u00f3w, wspieraj\u0105c szkolenia kadry i realizacj\u0119 program\u00f3w dru\u017cyn. Jego konsekwencja i umiej\u0119tno\u015b\u0107 szkolenia innych sprawiaj\u0105, \u017ce nowe \u015brodowiska dzia\u0142aj\u0105 r\u00f3wnie sprawnie, co te starsze. Druh Piotr \u0142\u0105czy wiedz\u0119 finansow\u0105 z praktycznym wsparciem, dzi\u0119ki czemu \u015brodowisko harcerskie funkcjonuje efektywniej i bardziej zorganizowanie.<\/p><\/div><\/div>\t\t<\/div>\n\t\t\t\t<\/div>\n\t\t\t\t\t<\/div>\n\t\t<\/div>\n\t\t\t\t\t\t\t<\/div>\n\t\t<\/section>\n\t\t\t\t<section class=\"elementor-section elementor-top-section elementor-element elementor-element-ae26ad2 elementor-section-boxed elementor-section-height-default elementor-section-height-default\" data-id=\"ae26ad2\" data-element_type=\"section\">\n\t\t\t\t\t\t<div class=\"elementor-container elementor-column-gap-default\">\n\t\t\t\t\t<div class=\"aux-parallax-section elementor-column elementor-col-100 elementor-top-column elementor-element elementor-element-c3bd029\" data-id=\"c3bd029\" data-element_type=\"column\">\n\t\t\t<div class=\"elementor-widget-wrap elementor-element-populated\">\n\t\t\t\t\t\t\t\t<div class=\"aux-scroll-anim elementor-element elementor-element-82946c0 elementor-widget elementor-widget-aux_button\" data-move-in=\"slideTop\" data-move-out=\"maskRight\" data-axis-x=\"200\" data-axis-y=\"200\" data-rotate=\"90\" data-scale=\"1\" data-vp-top=\"0.5\" data-vp-bot=\"0.5\" data-el-top=\"0.2\" data-scroll-animation-off=\"1024\" data-id=\"82946c0\" data-element_type=\"widget\" data-widget_type=\"aux_button.default\">\n\t\t\t\t<div class=\"elementor-widget-container\">\n\t\t\t<a  href=\"https:\/\/forms.office.com\/e\/bcP7ydvk7P\" target=\"_blank\"   class=\"aux-button aux-exlarge aux-emerald aux-curve aux-none aux-uppercase\" ><span class=\"aux-overlay\"><\/span><span class=\"aux-text\">G\u0141OSUJ<\/span><\/a>\t\t<\/div>\n\t\t\t\t<\/div>\n\t\t\t\t<div class=\"elementor-element elementor-element-bf57416 elementor-widget elementor-widget-spacer\" data-id=\"bf57416\" data-element_type=\"widget\" data-widget_type=\"spacer.default\">\n\t\t\t\t<div class=\"elementor-widget-container\">\n\t\t\t\t\t<div class=\"elementor-spacer\">\n\t\t\t<div class=\"elementor-spacer-inner\"><\/div>\n\t\t<\/div>\n\t\t\t\t<\/div>\n\t\t\t\t<\/div>\n\t\t\t\t\t<\/div>\n\t\t<\/div>\n\t\t\t\t\t\t\t<\/div>\n\t\t<\/section>\n\t\t\t\t<section class=\"elementor-section elementor-top-section elementor-element elementor-element-b9a3bd9 elementor-section-boxed elementor-section-height-default elementor-section-height-default\" data-id=\"b9a3bd9\" data-element_type=\"section\">\n\t\t\t\t\t\t<div class=\"elementor-container elementor-column-gap-default\">\n\t\t\t\t\t<div class=\"aux-parallax-section elementor-column elementor-col-100 elementor-top-column elementor-element elementor-element-3e45b8e\" data-id=\"3e45b8e\" data-element_type=\"column\">\n\t\t\t<div class=\"elementor-widget-wrap elementor-element-populated\">\n\t\t\t\t\t\t\t\t<div class=\"elementor-element elementor-element-ff3a56e elementor-widget elementor-widget-aux_button\" data-id=\"ff3a56e\" data-element_type=\"widget\" data-widget_type=\"aux_button.default\">\n\t\t\t\t<div class=\"elementor-widget-container\">\n\t\t\t<a  href=\"https:\/\/plebiscyt.lubuska.zhp.pl\" target=\"_self\"   class=\"aux-button aux-exlarge aux-carmine-pink aux-none aux-uppercase\" ><span class=\"aux-overlay\"><\/span><span class=\"aux-text\">STRONA G\u0141\u00d3WNA<\/span><\/a>\t\t<\/div>\n\t\t\t\t<\/div>\n\t\t\t\t\t<\/div>\n\t\t<\/div>\n\t\t\t\t\t\t\t<\/div>\n\t\t<\/section>\n\t\t\t\t\t\t\t<\/div>\n\t\t","protected":false},"excerpt":{"rendered":"<p>Dodaj tu sw\u00f3j tekst nag\u0142\u00f3wka SPRAWNI W DZIA\u0141ANIU hm. Dariusz Zaj\u0105czkowski \u2013 przewodnicz\u0105cy Rady Choragwi Ziemi Lubuskiej Druh Dariusz anga\u017cuje si\u0119 w rozw\u00f3j chor\u0105gwianej bazy w U\u015bciu, organizuj\u0105c sprz\u0105tanie, naprawy i prace konserwacyjne. Dzi\u0119ki jego dzia\u0142aniom baza staje si\u0119 miejscem przyjaznym dla harcerzy i instruktor\u00f3w, a praca nad ni\u0105 uczy odpowiedzialno\u015bci, zaradno\u015bci i wsp\u00f3\u0142pracy. Dzia\u0142a [&hellip;]<\/p>\n","protected":false},"author":1,"featured_media":0,"parent":0,"menu_order":0,"comment_status":"closed","ping_status":"closed","template":"elementor_theme","meta":{"footnotes":""},"yoast_head":"<!-- This site is optimized with the Yoast SEO plugin v21.4 - https:\/\/yoast.com\/wordpress\/plugins\/seo\/ -->\n<title>SPRAWNI W DZIA\u0141ANIU 2025 - nominowani - Lubuskie Grono<\/title>\n<meta name=\"robots\" content=\"index, follow, max-snippet:-1, max-image-preview:large, max-video-preview:-1\" \/>\n<link rel=\"canonical\" href=\"https:\/\/plebiscyt.lubuska.zhp.pl\/?page_id=1077\" \/>\n<meta property=\"og:locale\" content=\"pl_PL\" \/>\n<meta property=\"og:type\" content=\"article\" \/>\n<meta property=\"og:title\" content=\"SPRAWNI W DZIA\u0141ANIU 2025 - nominowani - Lubuskie Grono\" \/>\n<meta property=\"og:description\" content=\"Dodaj tu sw\u00f3j tekst nag\u0142\u00f3wka SPRAWNI W DZIA\u0141ANIU hm. Dariusz Zaj\u0105czkowski \u2013 przewodnicz\u0105cy Rady Choragwi Ziemi Lubuskiej Druh Dariusz anga\u017cuje si\u0119 w rozw\u00f3j chor\u0105gwianej bazy w U\u015bciu, organizuj\u0105c sprz\u0105tanie, naprawy i prace konserwacyjne. Dzi\u0119ki jego dzia\u0142aniom baza staje si\u0119 miejscem przyjaznym dla harcerzy i instruktor\u00f3w, a praca nad ni\u0105 uczy odpowiedzialno\u015bci, zaradno\u015bci i wsp\u00f3\u0142pracy. Dzia\u0142a [&hellip;]\" \/>\n<meta property=\"og:url\" content=\"https:\/\/plebiscyt.lubuska.zhp.pl\/?page_id=1077\" \/>\n<meta property=\"og:site_name\" content=\"Lubuskie Grono\" \/>\n<meta property=\"article:modified_time\" content=\"2025-10-21T18:39:19+00:00\" \/>\n<meta property=\"og:image\" content=\"https:\/\/plebiscyt.lubuska.zhp.pl\/wp-content\/uploads\/2025\/10\/SWD-Dariusz-Zajaczkowski-1.png\" \/>\n<meta name=\"twitter:card\" content=\"summary_large_image\" \/>\n<meta name=\"twitter:label1\" content=\"Szacowany czas czytania\" \/>\n\t<meta name=\"twitter:data1\" content=\"3 minuty\" \/>\n<script type=\"application\/ld+json\" class=\"yoast-schema-graph\">{\"@context\":\"https:\/\/schema.org\",\"@graph\":[{\"@type\":\"WebPage\",\"@id\":\"https:\/\/plebiscyt.lubuska.zhp.pl\/?page_id=1077\",\"url\":\"https:\/\/plebiscyt.lubuska.zhp.pl\/?page_id=1077\",\"name\":\"SPRAWNI W DZIA\u0141ANIU 2025 - nominowani - Lubuskie Grono\",\"isPartOf\":{\"@id\":\"https:\/\/plebiscyt.lubuska.zhp.pl\/#website\"},\"datePublished\":\"2023-09-26T12:04:34+00:00\",\"dateModified\":\"2025-10-21T18:39:19+00:00\",\"breadcrumb\":{\"@id\":\"https:\/\/plebiscyt.lubuska.zhp.pl\/?page_id=1077#breadcrumb\"},\"inLanguage\":\"pl-PL\",\"potentialAction\":[{\"@type\":\"ReadAction\",\"target\":[\"https:\/\/plebiscyt.lubuska.zhp.pl\/?page_id=1077\"]}]},{\"@type\":\"BreadcrumbList\",\"@id\":\"https:\/\/plebiscyt.lubuska.zhp.pl\/?page_id=1077#breadcrumb\",\"itemListElement\":[{\"@type\":\"ListItem\",\"position\":1,\"name\":\"Strona g\u0142\u00f3wna\",\"item\":\"https:\/\/plebiscyt.lubuska.zhp.pl\/\"},{\"@type\":\"ListItem\",\"position\":2,\"name\":\"SPRAWNI W DZIA\u0141ANIU 2025 &#8211; nominowani\"}]},{\"@type\":\"WebSite\",\"@id\":\"https:\/\/plebiscyt.lubuska.zhp.pl\/#website\",\"url\":\"https:\/\/plebiscyt.lubuska.zhp.pl\/\",\"name\":\"Lubuskie Grono\",\"description\":\"Plebiscyt instruktorski Chor\u0105gwi Ziemi Lubuskiej ZHP\",\"publisher\":{\"@id\":\"https:\/\/plebiscyt.lubuska.zhp.pl\/#organization\"},\"potentialAction\":[{\"@type\":\"SearchAction\",\"target\":{\"@type\":\"EntryPoint\",\"urlTemplate\":\"https:\/\/plebiscyt.lubuska.zhp.pl\/?s={search_term_string}\"},\"query-input\":\"required name=search_term_string\"}],\"inLanguage\":\"pl-PL\"},{\"@type\":\"Organization\",\"@id\":\"https:\/\/plebiscyt.lubuska.zhp.pl\/#organization\",\"name\":\"LUBUSKIE GRONO - Plebiscyt instruktorski Chor\u0105gwi Ziemi Lubuskiej ZHP\",\"url\":\"https:\/\/plebiscyt.lubuska.zhp.pl\/\",\"logo\":{\"@type\":\"ImageObject\",\"inLanguage\":\"pl-PL\",\"@id\":\"https:\/\/plebiscyt.lubuska.zhp.pl\/#\/schema\/logo\/image\/\",\"url\":\"https:\/\/plebiscyt.lubuska.zhp.pl\/wp-content\/uploads\/2022\/06\/lubgrono_fb_wyd_tlo.png\",\"contentUrl\":\"https:\/\/plebiscyt.lubuska.zhp.pl\/wp-content\/uploads\/2022\/06\/lubgrono_fb_wyd_tlo.png\",\"width\":5001,\"height\":2617,\"caption\":\"LUBUSKIE GRONO - Plebiscyt instruktorski Chor\u0105gwi Ziemi Lubuskiej ZHP\"},\"image\":{\"@id\":\"https:\/\/plebiscyt.lubuska.zhp.pl\/#\/schema\/logo\/image\/\"}}]}<\/script>\n<!-- \/ Yoast SEO plugin. -->","yoast_head_json":{"title":"SPRAWNI W DZIA\u0141ANIU 2025 - nominowani - Lubuskie Grono","robots":{"index":"index","follow":"follow","max-snippet":"max-snippet:-1","max-image-preview":"max-image-preview:large","max-video-preview":"max-video-preview:-1"},"canonical":"https:\/\/plebiscyt.lubuska.zhp.pl\/?page_id=1077","og_locale":"pl_PL","og_type":"article","og_title":"SPRAWNI W DZIA\u0141ANIU 2025 - nominowani - Lubuskie Grono","og_description":"Dodaj tu sw\u00f3j tekst nag\u0142\u00f3wka SPRAWNI W DZIA\u0141ANIU hm. Dariusz Zaj\u0105czkowski \u2013 przewodnicz\u0105cy Rady Choragwi Ziemi Lubuskiej Druh Dariusz anga\u017cuje si\u0119 w rozw\u00f3j chor\u0105gwianej bazy w U\u015bciu, organizuj\u0105c sprz\u0105tanie, naprawy i prace konserwacyjne. Dzi\u0119ki jego dzia\u0142aniom baza staje si\u0119 miejscem przyjaznym dla harcerzy i instruktor\u00f3w, a praca nad ni\u0105 uczy odpowiedzialno\u015bci, zaradno\u015bci i wsp\u00f3\u0142pracy. Dzia\u0142a [&hellip;]","og_url":"https:\/\/plebiscyt.lubuska.zhp.pl\/?page_id=1077","og_site_name":"Lubuskie Grono","article_modified_time":"2025-10-21T18:39:19+00:00","og_image":[{"url":"https:\/\/plebiscyt.lubuska.zhp.pl\/wp-content\/uploads\/2025\/10\/SWD-Dariusz-Zajaczkowski-1.png"}],"twitter_card":"summary_large_image","twitter_misc":{"Szacowany czas czytania":"3 minuty"},"schema":{"@context":"https:\/\/schema.org","@graph":[{"@type":"WebPage","@id":"https:\/\/plebiscyt.lubuska.zhp.pl\/?page_id=1077","url":"https:\/\/plebiscyt.lubuska.zhp.pl\/?page_id=1077","name":"SPRAWNI W DZIA\u0141ANIU 2025 - nominowani - Lubuskie Grono","isPartOf":{"@id":"https:\/\/plebiscyt.lubuska.zhp.pl\/#website"},"datePublished":"2023-09-26T12:04:34+00:00","dateModified":"2025-10-21T18:39:19+00:00","breadcrumb":{"@id":"https:\/\/plebiscyt.lubuska.zhp.pl\/?page_id=1077#breadcrumb"},"inLanguage":"pl-PL","potentialAction":[{"@type":"ReadAction","target":["https:\/\/plebiscyt.lubuska.zhp.pl\/?page_id=1077"]}]},{"@type":"BreadcrumbList","@id":"https:\/\/plebiscyt.lubuska.zhp.pl\/?page_id=1077#breadcrumb","itemListElement":[{"@type":"ListItem","position":1,"name":"Strona g\u0142\u00f3wna","item":"https:\/\/plebiscyt.lubuska.zhp.pl\/"},{"@type":"ListItem","position":2,"name":"SPRAWNI W DZIA\u0141ANIU 2025 &#8211; nominowani"}]},{"@type":"WebSite","@id":"https:\/\/plebiscyt.lubuska.zhp.pl\/#website","url":"https:\/\/plebiscyt.lubuska.zhp.pl\/","name":"Lubuskie Grono","description":"Plebiscyt instruktorski Chor\u0105gwi Ziemi Lubuskiej ZHP","publisher":{"@id":"https:\/\/plebiscyt.lubuska.zhp.pl\/#organization"},"potentialAction":[{"@type":"SearchAction","target":{"@type":"EntryPoint","urlTemplate":"https:\/\/plebiscyt.lubuska.zhp.pl\/?s={search_term_string}"},"query-input":"required name=search_term_string"}],"inLanguage":"pl-PL"},{"@type":"Organization","@id":"https:\/\/plebiscyt.lubuska.zhp.pl\/#organization","name":"LUBUSKIE GRONO - Plebiscyt instruktorski Chor\u0105gwi Ziemi Lubuskiej ZHP","url":"https:\/\/plebiscyt.lubuska.zhp.pl\/","logo":{"@type":"ImageObject","inLanguage":"pl-PL","@id":"https:\/\/plebiscyt.lubuska.zhp.pl\/#\/schema\/logo\/image\/","url":"https:\/\/plebiscyt.lubuska.zhp.pl\/wp-content\/uploads\/2022\/06\/lubgrono_fb_wyd_tlo.png","contentUrl":"https:\/\/plebiscyt.lubuska.zhp.pl\/wp-content\/uploads\/2022\/06\/lubgrono_fb_wyd_tlo.png","width":5001,"height":2617,"caption":"LUBUSKIE GRONO - Plebiscyt instruktorski Chor\u0105gwi Ziemi Lubuskiej ZHP"},"image":{"@id":"https:\/\/plebiscyt.lubuska.zhp.pl\/#\/schema\/logo\/image\/"}}]}},"_links":{"self":[{"href":"https:\/\/plebiscyt.lubuska.zhp.pl\/index.php?rest_route=\/wp\/v2\/pages\/1077"}],"collection":[{"href":"https:\/\/plebiscyt.lubuska.zhp.pl\/index.php?rest_route=\/wp\/v2\/pages"}],"about":[{"href":"https:\/\/plebiscyt.lubuska.zhp.pl\/index.php?rest_route=\/wp\/v2\/types\/page"}],"author":[{"embeddable":true,"href":"https:\/\/plebiscyt.lubuska.zhp.pl\/index.php?rest_route=\/wp\/v2\/users\/1"}],"replies":[{"embeddable":true,"href":"https:\/\/plebiscyt.lubuska.zhp.pl\/index.php?rest_route=%2Fwp%2Fv2%2Fcomments&post=1077"}],"version-history":[{"count":29,"href":"https:\/\/plebiscyt.lubuska.zhp.pl\/index.php?rest_route=\/wp\/v2\/pages\/1077\/revisions"}],"predecessor-version":[{"id":1548,"href":"https:\/\/plebiscyt.lubuska.zhp.pl\/index.php?rest_route=\/wp\/v2\/pages\/1077\/revisions\/1548"}],"wp:attachment":[{"href":"https:\/\/plebiscyt.lubuska.zhp.pl\/index.php?rest_route=%2Fwp%2Fv2%2Fmedia&parent=1077"}],"curies":[{"name":"wp","href":"https:\/\/api.w.org\/{rel}","templated":true}]}}